{"id":663,"date":"2014-01-15T12:58:52","date_gmt":"2014-01-15T12:58:52","guid":{"rendered":"http:\/\/www.apriori-pt.de\/?page_id=663"},"modified":"2019-02-07T10:38:17","modified_gmt":"2019-02-07T10:38:17","slug":"bulgarian-bag","status":"publish","type":"page","link":"http:\/\/www.apriori-pt.de\/?page_id=663","title":{"rendered":"Bulgarian Bag"},"content":{"rendered":"<p>Functional Training mit dem Bulgarian Bag trainiert den K\u00f6rper in muskul\u00e4ren Zusammenh\u00e4ngen. Die Muskelketten werden dynamisch und in ihrem nat\u00fcrlichen Bewegungsablauf angesprochen und lassen sich so optimieren. Der Bewegungsapparat wird stabilisiert, Verletzungen wird vorgebeugt und der K\u00f6rper gesunderhalten.<\/p>\n<p>Training mit dem Bulgarian Bag bietet die M\u00f6glichkeit Kraft, Kraftausdauer, Kondition, Koordination, Schnell- und Explosivkraft, Beweglichkeit, Gleichgewicht und das Herz-Kreislauf-System gleicherma\u00dfen zu trainieren.<\/p>\n<p>Das Training mit dem Bulgarian Bag ist ein echter <strong>Geheimtipp<\/strong>!<\/p>\n<p>[nggallery id=20]<\/p>\n","protected":false},"excerpt":{"rendered":"<p>Functional Training mit dem Bulgarian Bag trainiert den K\u00f6rper in muskul\u00e4ren Zusammenh\u00e4ngen. Die Muskelketten werden dynamisch und in ihrem nat\u00fcrlichen Bewegungsablauf angesprochen und lassen sich so optimieren. Der Bewegungsapparat wird stabilisiert, Verletzungen wird vorgebeugt und der K\u00f6rper gesunderhalten. Training mit dem Bulgarian Bag bietet die M\u00f6glichkeit Kraft, Kraftausdauer, Kondition, Koordination, Schnell- und Explosivkraft, Beweglichkeit, Gleichgewicht [&hellip;]<\/p>\n","protected":false},"author":1,"featured_media":0,"parent":791,"menu_order":41,"comment_status":"closed","ping_status":"closed","template":"","meta":[],"yoast_head":"<!-- This site is optimized with the Yoast SEO plugin v18.9 - https:\/\/yoast.com\/wordpress\/plugins\/seo\/ -->\n<title>Bulgarian Bag - A Priori Personal Training, Firmensport &amp; Golffitness | Ihrem Personal Trainer in Dortmund<\/title>\n<meta name=\"robots\" content=\"index, follow, max-snippet:-1, max-image-preview:large, max-video-preview:-1\" \/>\n<link rel=\"canonical\" href=\"http:\/\/www.apriori-pt.de\/?page_id=663\" \/>\n<meta property=\"og:locale\" content=\"de_DE\" \/>\n<meta property=\"og:type\" content=\"article\" \/>\n<meta property=\"og:title\" content=\"Bulgarian Bag - A Priori Personal Training, Firmensport &amp; Golffitness | Ihrem Personal Trainer in Dortmund\" \/>\n<meta property=\"og:description\" content=\"Functional Training mit dem Bulgarian Bag trainiert den K\u00f6rper in muskul\u00e4ren Zusammenh\u00e4ngen. Die Muskelketten werden dynamisch und in ihrem nat\u00fcrlichen Bewegungsablauf angesprochen und lassen sich so optimieren. Der Bewegungsapparat wird stabilisiert, Verletzungen wird vorgebeugt und der K\u00f6rper gesunderhalten. Training mit dem Bulgarian Bag bietet die M\u00f6glichkeit Kraft, Kraftausdauer, Kondition, Koordination, Schnell- und Explosivkraft, Beweglichkeit, Gleichgewicht [&hellip;]\" \/>\n<meta property=\"og:url\" content=\"http:\/\/www.apriori-pt.de\/?page_id=663\" \/>\n<meta property=\"og:site_name\" content=\"A Priori Personal Training, Firmensport &amp; Golffitness | Ihrem Personal Trainer in Dortmund\" \/>\n<meta property=\"article:modified_time\" content=\"2019-02-07T10:38:17+00:00\" \/>\n<meta name=\"twitter:card\" content=\"summary_large_image\" \/>\n<script type=\"application\/ld+json\" class=\"yoast-schema-graph\">{\"@context\":\"https:\/\/schema.org\",\"@graph\":[{\"@type\":\"Organization\",\"@id\":\"http:\/\/www.apriori-pt.de\/#organization\",\"name\":\"apriori-pt\",\"url\":\"http:\/\/www.apriori-pt.de\/\",\"sameAs\":[],\"logo\":{\"@type\":\"ImageObject\",\"inLanguage\":\"de\",\"@id\":\"http:\/\/www.apriori-pt.de\/#\/schema\/logo\/image\/\",\"url\":\"http:\/\/www.apriori-pt.de\/wp-content\/uploads\/Unbenannt.png\",\"contentUrl\":\"http:\/\/www.apriori-pt.de\/wp-content\/uploads\/Unbenannt.png\",\"width\":332,\"height\":100,\"caption\":\"apriori-pt\"},\"image\":{\"@id\":\"http:\/\/www.apriori-pt.de\/#\/schema\/logo\/image\/\"}},{\"@type\":\"WebSite\",\"@id\":\"http:\/\/www.apriori-pt.de\/#website\",\"url\":\"http:\/\/www.apriori-pt.de\/\",\"name\":\"A Priori Personal Training, Firmensport &amp; Golffitness | Ihrem Personal Trainer in Dortmund\",\"description\":\"PERSONALTRAINING DORTMUND, PERSONAL TRAINER DORTMUND, FIRMENFITNESS DORTMUND, PERSONAL TRAINER TENERIFFA, GOLF FITNESS DORTMUND, SENIOREN FITNESS DORTMUND, LIFE KINETIK DORTMUND, FIGURTRAINING DORTMUND\",\"publisher\":{\"@id\":\"http:\/\/www.apriori-pt.de\/#organization\"},\"potentialAction\":[{\"@type\":\"SearchAction\",\"target\":{\"@type\":\"EntryPoint\",\"urlTemplate\":\"http:\/\/www.apriori-pt.de\/?s={search_term_string}\"},\"query-input\":\"required name=search_term_string\"}],\"inLanguage\":\"de\"},{\"@type\":\"WebPage\",\"@id\":\"http:\/\/www.apriori-pt.de\/?page_id=663#webpage\",\"url\":\"http:\/\/www.apriori-pt.de\/?page_id=663\",\"name\":\"Bulgarian Bag - A Priori Personal Training, Firmensport &amp; Golffitness | Ihrem Personal Trainer in Dortmund\",\"isPartOf\":{\"@id\":\"http:\/\/www.apriori-pt.de\/#website\"},\"datePublished\":\"2014-01-15T12:58:52+00:00\",\"dateModified\":\"2019-02-07T10:38:17+00:00\",\"breadcrumb\":{\"@id\":\"http:\/\/www.apriori-pt.de\/?page_id=663#breadcrumb\"},\"inLanguage\":\"de\",\"potentialAction\":[{\"@type\":\"ReadAction\",\"target\":[\"http:\/\/www.apriori-pt.de\/?page_id=663\"]}]},{\"@type\":\"BreadcrumbList\",\"@id\":\"http:\/\/www.apriori-pt.de\/?page_id=663#breadcrumb\",\"itemListElement\":[{\"@type\":\"ListItem\",\"position\":1,\"name\":\"Startseite\",\"item\":\"http:\/\/www.apriori-pt.de\/\"},{\"@type\":\"ListItem\",\"position\":2,\"name\":\"Privat: !!!Versteckt!!!-Trainingsinhalte\",\"item\":\"http:\/\/www.apriori-pt.de\/?page_id=791\"},{\"@type\":\"ListItem\",\"position\":3,\"name\":\"Bulgarian Bag\"}]}]}<\/script>\n<!-- \/ Yoast SEO plugin. -->","yoast_head_json":{"title":"Bulgarian Bag - A Priori Personal Training, Firmensport &amp; Golffitness | Ihrem Personal Trainer in Dortmund","robots":{"index":"index","follow":"follow","max-snippet":"max-snippet:-1","max-image-preview":"max-image-preview:large","max-video-preview":"max-video-preview:-1"},"canonical":"http:\/\/www.apriori-pt.de\/?page_id=663","og_locale":"de_DE","og_type":"article","og_title":"Bulgarian Bag - A Priori Personal Training, Firmensport &amp; Golffitness | Ihrem Personal Trainer in Dortmund","og_description":"Functional Training mit dem Bulgarian Bag trainiert den K\u00f6rper in muskul\u00e4ren Zusammenh\u00e4ngen. Die Muskelketten werden dynamisch und in ihrem nat\u00fcrlichen Bewegungsablauf angesprochen und lassen sich so optimieren. Der Bewegungsapparat wird stabilisiert, Verletzungen wird vorgebeugt und der K\u00f6rper gesunderhalten. Training mit dem Bulgarian Bag bietet die M\u00f6glichkeit Kraft, Kraftausdauer, Kondition, Koordination, Schnell- und Explosivkraft, Beweglichkeit, Gleichgewicht [&hellip;]","og_url":"http:\/\/www.apriori-pt.de\/?page_id=663","og_site_name":"A Priori Personal Training, Firmensport &amp; Golffitness | Ihrem Personal Trainer in Dortmund","article_modified_time":"2019-02-07T10:38:17+00:00","twitter_card":"summary_large_image","schema":{"@context":"https:\/\/schema.org","@graph":[{"@type":"Organization","@id":"http:\/\/www.apriori-pt.de\/#organization","name":"apriori-pt","url":"http:\/\/www.apriori-pt.de\/","sameAs":[],"logo":{"@type":"ImageObject","inLanguage":"de","@id":"http:\/\/www.apriori-pt.de\/#\/schema\/logo\/image\/","url":"http:\/\/www.apriori-pt.de\/wp-content\/uploads\/Unbenannt.png","contentUrl":"http:\/\/www.apriori-pt.de\/wp-content\/uploads\/Unbenannt.png","width":332,"height":100,"caption":"apriori-pt"},"image":{"@id":"http:\/\/www.apriori-pt.de\/#\/schema\/logo\/image\/"}},{"@type":"WebSite","@id":"http:\/\/www.apriori-pt.de\/#website","url":"http:\/\/www.apriori-pt.de\/","name":"A Priori Personal Training, Firmensport &amp; Golffitness | Ihrem Personal Trainer in Dortmund","description":"PERSONALTRAINING DORTMUND, PERSONAL TRAINER DORTMUND, FIRMENFITNESS DORTMUND, PERSONAL TRAINER TENERIFFA, GOLF FITNESS DORTMUND, SENIOREN FITNESS DORTMUND, LIFE KINETIK DORTMUND, FIGURTRAINING DORTMUND","publisher":{"@id":"http:\/\/www.apriori-pt.de\/#organization"},"potentialAction":[{"@type":"SearchAction","target":{"@type":"EntryPoint","urlTemplate":"http:\/\/www.apriori-pt.de\/?s={search_term_string}"},"query-input":"required name=search_term_string"}],"inLanguage":"de"},{"@type":"WebPage","@id":"http:\/\/www.apriori-pt.de\/?page_id=663#webpage","url":"http:\/\/www.apriori-pt.de\/?page_id=663","name":"Bulgarian Bag - A Priori Personal Training, Firmensport &amp; Golffitness | Ihrem Personal Trainer in Dortmund","isPartOf":{"@id":"http:\/\/www.apriori-pt.de\/#website"},"datePublished":"2014-01-15T12:58:52+00:00","dateModified":"2019-02-07T10:38:17+00:00","breadcrumb":{"@id":"http:\/\/www.apriori-pt.de\/?page_id=663#breadcrumb"},"inLanguage":"de","potentialAction":[{"@type":"ReadAction","target":["http:\/\/www.apriori-pt.de\/?page_id=663"]}]},{"@type":"BreadcrumbList","@id":"http:\/\/www.apriori-pt.de\/?page_id=663#breadcrumb","itemListElement":[{"@type":"ListItem","position":1,"name":"Startseite","item":"http:\/\/www.apriori-pt.de\/"},{"@type":"ListItem","position":2,"name":"Privat: !!!Versteckt!!!-Trainingsinhalte","item":"http:\/\/www.apriori-pt.de\/?page_id=791"},{"@type":"ListItem","position":3,"name":"Bulgarian Bag"}]}]}},"_links":{"self":[{"href":"http:\/\/www.apriori-pt.de\/index.php?rest_route=\/wp\/v2\/pages\/663"}],"collection":[{"href":"http:\/\/www.apriori-pt.de\/index.php?rest_route=\/wp\/v2\/pages"}],"about":[{"href":"http:\/\/www.apriori-pt.de\/index.php?rest_route=\/wp\/v2\/types\/page"}],"author":[{"embeddable":true,"href":"http:\/\/www.apriori-pt.de\/index.php?rest_route=\/wp\/v2\/users\/1"}],"replies":[{"embeddable":true,"href":"http:\/\/www.apriori-pt.de\/index.php?rest_route=%2Fwp%2Fv2%2Fcomments&post=663"}],"version-history":[{"count":8,"href":"http:\/\/www.apriori-pt.de\/index.php?rest_route=\/wp\/v2\/pages\/663\/revisions"}],"predecessor-version":[{"id":806,"href":"http:\/\/www.apriori-pt.de\/index.php?rest_route=\/wp\/v2\/pages\/663\/revisions\/806"}],"up":[{"embeddable":true,"href":"http:\/\/www.apriori-pt.de\/index.php?rest_route=\/wp\/v2\/pages\/791"}],"wp:attachment":[{"href":"http:\/\/www.apriori-pt.de\/index.php?rest_route=%2Fwp%2Fv2%2Fmedia&parent=663"}],"curies":[{"name":"wp","href":"https:\/\/api.w.org\/{rel}","templated":true}]}}