{"id":330,"date":"2010-09-22T11:54:15","date_gmt":"2010-09-22T11:54:15","guid":{"rendered":"http:\/\/www.strewit.net\/?page_id=330"},"modified":"2019-02-07T10:42:50","modified_gmt":"2019-02-07T10:42:50","slug":"massai-walking","status":"publish","type":"page","link":"http:\/\/www.apriori-pt.de\/?page_id=330","title":{"rendered":"Massai Walking"},"content":{"rendered":"<p>. . . ist muskelaktivierend. Die revolution\u00e4re Sohlenkonstruktion des MBT trainiert die St\u00fctz- und Haltemuskeln des menschlichen K\u00f6rpers, die in herk\u00f6mmlichen Trainingsschuhen vernachl\u00e4ssigt werden &#8211; bis hinauf in den Nackenbereich.<\/p>\n<p>. . . ist gelenkentlastend. Herk\u00f6mmliche Trainingsschuhe d\u00e4mpfen den Schritt, st\u00fctzen den Fu\u00df und stabilisieren damit die Gelenke auf passive Weise. Im MBT jedoch werden die Gelenke durch die permanente Forderung und F\u00f6rderung der Muskulatur aktiv entlastet &#8211; das hei\u00dft, auf nat\u00fcrliche Art von den Muskeln unterst\u00fctzt und stabilisiert.<br \/>\nStudien zeigen eine deutliche Reduktion der Belastung auf Knie- und H\u00fcftgelenke.<\/p>\n<p>. . . ist fettverbrennend. Die spezifischen Bewegungsformen des &#8222;<a href=\" http:\/\/www.feet-4-life.de\/bequemschuhe.html\" target=\"_blank\">Masai Walking<\/a>&#8220; trainieren den menschlichen K\u00f6rper im niedrigen und somit fettverbrennenden Intensit\u00e4tsbereich.<\/p>\n","protected":false},"excerpt":{"rendered":"<p>. . . ist muskelaktivierend. Die revolution\u00e4re Sohlenkonstruktion des MBT trainiert die St\u00fctz- und Haltemuskeln des menschlichen K\u00f6rpers, die in herk\u00f6mmlichen Trainingsschuhen vernachl\u00e4ssigt werden &#8211; bis hinauf in den Nackenbereich. . . . ist gelenkentlastend. Herk\u00f6mmliche Trainingsschuhe d\u00e4mpfen den Schritt, st\u00fctzen den Fu\u00df und stabilisieren damit die Gelenke auf passive Weise. Im MBT jedoch werden [&hellip;]<\/p>\n","protected":false},"author":1,"featured_media":0,"parent":791,"menu_order":300,"comment_status":"closed","ping_status":"closed","template":"","meta":[],"yoast_head":"<!-- This site is optimized with the Yoast SEO plugin v18.9 - https:\/\/yoast.com\/wordpress\/plugins\/seo\/ -->\n<title>Massai Walking - A Priori Personal Training, Firmensport &amp; Golffitness | Ihrem Personal Trainer in Dortmund<\/title>\n<meta name=\"robots\" content=\"index, follow, max-snippet:-1, max-image-preview:large, max-video-preview:-1\" \/>\n<link rel=\"canonical\" href=\"http:\/\/www.apriori-pt.de\/?page_id=330\" \/>\n<meta property=\"og:locale\" content=\"de_DE\" \/>\n<meta property=\"og:type\" content=\"article\" \/>\n<meta property=\"og:title\" content=\"Massai Walking - A Priori Personal Training, Firmensport &amp; Golffitness | Ihrem Personal Trainer in Dortmund\" \/>\n<meta property=\"og:description\" content=\". . . ist muskelaktivierend. Die revolution\u00e4re Sohlenkonstruktion des MBT trainiert die St\u00fctz- und Haltemuskeln des menschlichen K\u00f6rpers, die in herk\u00f6mmlichen Trainingsschuhen vernachl\u00e4ssigt werden &#8211; bis hinauf in den Nackenbereich. . . . ist gelenkentlastend. Herk\u00f6mmliche Trainingsschuhe d\u00e4mpfen den Schritt, st\u00fctzen den Fu\u00df und stabilisieren damit die Gelenke auf passive Weise. Im MBT jedoch werden [&hellip;]\" \/>\n<meta property=\"og:url\" content=\"http:\/\/www.apriori-pt.de\/?page_id=330\" \/>\n<meta property=\"og:site_name\" content=\"A Priori Personal Training, Firmensport &amp; Golffitness | Ihrem Personal Trainer in Dortmund\" \/>\n<meta property=\"article:modified_time\" content=\"2019-02-07T10:42:50+00:00\" \/>\n<meta name=\"twitter:card\" content=\"summary_large_image\" \/>\n<meta name=\"twitter:label1\" content=\"Gesch\u00e4tzte Lesezeit\" \/>\n\t<meta name=\"twitter:data1\" content=\"1\u00a0Minute\" \/>\n<script type=\"application\/ld+json\" class=\"yoast-schema-graph\">{\"@context\":\"https:\/\/schema.org\",\"@graph\":[{\"@type\":\"Organization\",\"@id\":\"http:\/\/www.apriori-pt.de\/#organization\",\"name\":\"apriori-pt\",\"url\":\"http:\/\/www.apriori-pt.de\/\",\"sameAs\":[],\"logo\":{\"@type\":\"ImageObject\",\"inLanguage\":\"de\",\"@id\":\"http:\/\/www.apriori-pt.de\/#\/schema\/logo\/image\/\",\"url\":\"http:\/\/www.apriori-pt.de\/wp-content\/uploads\/Unbenannt.png\",\"contentUrl\":\"http:\/\/www.apriori-pt.de\/wp-content\/uploads\/Unbenannt.png\",\"width\":332,\"height\":100,\"caption\":\"apriori-pt\"},\"image\":{\"@id\":\"http:\/\/www.apriori-pt.de\/#\/schema\/logo\/image\/\"}},{\"@type\":\"WebSite\",\"@id\":\"http:\/\/www.apriori-pt.de\/#website\",\"url\":\"http:\/\/www.apriori-pt.de\/\",\"name\":\"A Priori Personal Training, Firmensport &amp; Golffitness | Ihrem Personal Trainer in Dortmund\",\"description\":\"PERSONALTRAINING DORTMUND, PERSONAL TRAINER DORTMUND, FIRMENFITNESS DORTMUND, PERSONAL TRAINER TENERIFFA, GOLF FITNESS DORTMUND, SENIOREN FITNESS DORTMUND, LIFE KINETIK DORTMUND, FIGURTRAINING DORTMUND\",\"publisher\":{\"@id\":\"http:\/\/www.apriori-pt.de\/#organization\"},\"potentialAction\":[{\"@type\":\"SearchAction\",\"target\":{\"@type\":\"EntryPoint\",\"urlTemplate\":\"http:\/\/www.apriori-pt.de\/?s={search_term_string}\"},\"query-input\":\"required name=search_term_string\"}],\"inLanguage\":\"de\"},{\"@type\":\"WebPage\",\"@id\":\"http:\/\/www.apriori-pt.de\/?page_id=330#webpage\",\"url\":\"http:\/\/www.apriori-pt.de\/?page_id=330\",\"name\":\"Massai Walking - A Priori Personal Training, Firmensport &amp; Golffitness | Ihrem Personal Trainer in Dortmund\",\"isPartOf\":{\"@id\":\"http:\/\/www.apriori-pt.de\/#website\"},\"datePublished\":\"2010-09-22T11:54:15+00:00\",\"dateModified\":\"2019-02-07T10:42:50+00:00\",\"breadcrumb\":{\"@id\":\"http:\/\/www.apriori-pt.de\/?page_id=330#breadcrumb\"},\"inLanguage\":\"de\",\"potentialAction\":[{\"@type\":\"ReadAction\",\"target\":[\"http:\/\/www.apriori-pt.de\/?page_id=330\"]}]},{\"@type\":\"BreadcrumbList\",\"@id\":\"http:\/\/www.apriori-pt.de\/?page_id=330#breadcrumb\",\"itemListElement\":[{\"@type\":\"ListItem\",\"position\":1,\"name\":\"Startseite\",\"item\":\"http:\/\/www.apriori-pt.de\/\"},{\"@type\":\"ListItem\",\"position\":2,\"name\":\"Privat: !!!Versteckt!!!-Trainingsinhalte\",\"item\":\"http:\/\/www.apriori-pt.de\/?page_id=791\"},{\"@type\":\"ListItem\",\"position\":3,\"name\":\"Massai Walking\"}]}]}<\/script>\n<!-- \/ Yoast SEO plugin. -->","yoast_head_json":{"title":"Massai Walking - A Priori Personal Training, Firmensport &amp; Golffitness | Ihrem Personal Trainer in Dortmund","robots":{"index":"index","follow":"follow","max-snippet":"max-snippet:-1","max-image-preview":"max-image-preview:large","max-video-preview":"max-video-preview:-1"},"canonical":"http:\/\/www.apriori-pt.de\/?page_id=330","og_locale":"de_DE","og_type":"article","og_title":"Massai Walking - A Priori Personal Training, Firmensport &amp; Golffitness | Ihrem Personal Trainer in Dortmund","og_description":". . . ist muskelaktivierend. Die revolution\u00e4re Sohlenkonstruktion des MBT trainiert die St\u00fctz- und Haltemuskeln des menschlichen K\u00f6rpers, die in herk\u00f6mmlichen Trainingsschuhen vernachl\u00e4ssigt werden &#8211; bis hinauf in den Nackenbereich. . . . ist gelenkentlastend. Herk\u00f6mmliche Trainingsschuhe d\u00e4mpfen den Schritt, st\u00fctzen den Fu\u00df und stabilisieren damit die Gelenke auf passive Weise. Im MBT jedoch werden [&hellip;]","og_url":"http:\/\/www.apriori-pt.de\/?page_id=330","og_site_name":"A Priori Personal Training, Firmensport &amp; Golffitness | Ihrem Personal Trainer in Dortmund","article_modified_time":"2019-02-07T10:42:50+00:00","twitter_card":"summary_large_image","twitter_misc":{"Gesch\u00e4tzte Lesezeit":"1\u00a0Minute"},"schema":{"@context":"https:\/\/schema.org","@graph":[{"@type":"Organization","@id":"http:\/\/www.apriori-pt.de\/#organization","name":"apriori-pt","url":"http:\/\/www.apriori-pt.de\/","sameAs":[],"logo":{"@type":"ImageObject","inLanguage":"de","@id":"http:\/\/www.apriori-pt.de\/#\/schema\/logo\/image\/","url":"http:\/\/www.apriori-pt.de\/wp-content\/uploads\/Unbenannt.png","contentUrl":"http:\/\/www.apriori-pt.de\/wp-content\/uploads\/Unbenannt.png","width":332,"height":100,"caption":"apriori-pt"},"image":{"@id":"http:\/\/www.apriori-pt.de\/#\/schema\/logo\/image\/"}},{"@type":"WebSite","@id":"http:\/\/www.apriori-pt.de\/#website","url":"http:\/\/www.apriori-pt.de\/","name":"A Priori Personal Training, Firmensport &amp; Golffitness | Ihrem Personal Trainer in Dortmund","description":"PERSONALTRAINING DORTMUND, PERSONAL TRAINER DORTMUND, FIRMENFITNESS DORTMUND, PERSONAL TRAINER TENERIFFA, GOLF FITNESS DORTMUND, SENIOREN FITNESS DORTMUND, LIFE KINETIK DORTMUND, FIGURTRAINING DORTMUND","publisher":{"@id":"http:\/\/www.apriori-pt.de\/#organization"},"potentialAction":[{"@type":"SearchAction","target":{"@type":"EntryPoint","urlTemplate":"http:\/\/www.apriori-pt.de\/?s={search_term_string}"},"query-input":"required name=search_term_string"}],"inLanguage":"de"},{"@type":"WebPage","@id":"http:\/\/www.apriori-pt.de\/?page_id=330#webpage","url":"http:\/\/www.apriori-pt.de\/?page_id=330","name":"Massai Walking - A Priori Personal Training, Firmensport &amp; Golffitness | Ihrem Personal Trainer in Dortmund","isPartOf":{"@id":"http:\/\/www.apriori-pt.de\/#website"},"datePublished":"2010-09-22T11:54:15+00:00","dateModified":"2019-02-07T10:42:50+00:00","breadcrumb":{"@id":"http:\/\/www.apriori-pt.de\/?page_id=330#breadcrumb"},"inLanguage":"de","potentialAction":[{"@type":"ReadAction","target":["http:\/\/www.apriori-pt.de\/?page_id=330"]}]},{"@type":"BreadcrumbList","@id":"http:\/\/www.apriori-pt.de\/?page_id=330#breadcrumb","itemListElement":[{"@type":"ListItem","position":1,"name":"Startseite","item":"http:\/\/www.apriori-pt.de\/"},{"@type":"ListItem","position":2,"name":"Privat: !!!Versteckt!!!-Trainingsinhalte","item":"http:\/\/www.apriori-pt.de\/?page_id=791"},{"@type":"ListItem","position":3,"name":"Massai Walking"}]}]}},"_links":{"self":[{"href":"http:\/\/www.apriori-pt.de\/index.php?rest_route=\/wp\/v2\/pages\/330"}],"collection":[{"href":"http:\/\/www.apriori-pt.de\/index.php?rest_route=\/wp\/v2\/pages"}],"about":[{"href":"http:\/\/www.apriori-pt.de\/index.php?rest_route=\/wp\/v2\/types\/page"}],"author":[{"embeddable":true,"href":"http:\/\/www.apriori-pt.de\/index.php?rest_route=\/wp\/v2\/users\/1"}],"replies":[{"embeddable":true,"href":"http:\/\/www.apriori-pt.de\/index.php?rest_route=%2Fwp%2Fv2%2Fcomments&post=330"}],"version-history":[{"count":3,"href":"http:\/\/www.apriori-pt.de\/index.php?rest_route=\/wp\/v2\/pages\/330\/revisions"}],"predecessor-version":[{"id":825,"href":"http:\/\/www.apriori-pt.de\/index.php?rest_route=\/wp\/v2\/pages\/330\/revisions\/825"}],"up":[{"embeddable":true,"href":"http:\/\/www.apriori-pt.de\/index.php?rest_route=\/wp\/v2\/pages\/791"}],"wp:attachment":[{"href":"http:\/\/www.apriori-pt.de\/index.php?rest_route=%2Fwp%2Fv2%2Fmedia&parent=330"}],"curies":[{"name":"wp","href":"https:\/\/api.w.org\/{rel}","templated":true}]}}