{"id":324,"date":"2010-09-22T11:39:11","date_gmt":"2010-09-22T11:39:11","guid":{"rendered":"http:\/\/www.strewit.net\/?page_id=324"},"modified":"2019-02-07T10:42:50","modified_gmt":"2019-02-07T10:42:50","slug":"nordic-walking","status":"publish","type":"page","link":"http:\/\/www.apriori-pt.de\/?page_id=324","title":{"rendered":"Nordic Walking"},"content":{"rendered":"<p>Nordic Walking ist eine Ausdauersportart, bei der Gehen durch den Einsatz von zwei St\u00f6cken im Rhythmus der Schritte unterst\u00fctzt wird.<img loading=\"lazy\" class=\"alignright size-medium wp-image-437\" title=\"Nordic Walking\" src=\"\/wp-content\/uploads\/iStock_000003746177XSmall-300x199.jpg\" alt=\"Nordic Walking\" width=\"300\" height=\"199\" srcset=\"http:\/\/www.apriori-pt.de\/wp-content\/uploads\/iStock_000003746177XSmall-300x199.jpg 300w, http:\/\/www.apriori-pt.de\/wp-content\/uploads\/iStock_000003746177XSmall.jpg 425w\" sizes=\"(max-width: 300px) 100vw, 300px\" \/><\/p>\n<p>Derzeit wird Nordic Walking noch immer etwas sp\u00f6ttisch betrachtet. Teilweise zurecht,\u00a0 jedoch Nordic Walking ambitioniert und richtig durchgef\u00fchrt ist sehr energiereich. Andererseits ist Nordic Walking eine geradezu ideale Einsteiger Sport-\/Bewegungsm\u00f6glichkeit.<\/p>\n<p>Da Nordic Walking in der Regel draussen in der Natur durchgef\u00fchrt wird kommt zum sportlichen noch ein angenehmer mentaler Aspekt hinzu.<\/p>\n","protected":false},"excerpt":{"rendered":"<p>Nordic Walking ist eine Ausdauersportart, bei der Gehen durch den Einsatz von zwei St\u00f6cken im Rhythmus der Schritte unterst\u00fctzt wird. Derzeit wird Nordic Walking noch immer etwas sp\u00f6ttisch betrachtet. Teilweise zurecht,\u00a0 jedoch Nordic Walking ambitioniert und richtig durchgef\u00fchrt ist sehr energiereich. Andererseits ist Nordic Walking eine geradezu ideale Einsteiger Sport-\/Bewegungsm\u00f6glichkeit. Da Nordic Walking in der [&hellip;]<\/p>\n","protected":false},"author":1,"featured_media":0,"parent":791,"menu_order":250,"comment_status":"closed","ping_status":"closed","template":"","meta":[],"yoast_head":"<!-- This site is optimized with the Yoast SEO plugin v18.9 - https:\/\/yoast.com\/wordpress\/plugins\/seo\/ -->\n<title>Nordic Walking - A Priori Personal Training, Firmensport &amp; Golffitness | Ihrem Personal Trainer in Dortmund<\/title>\n<meta name=\"robots\" content=\"index, follow, max-snippet:-1, max-image-preview:large, max-video-preview:-1\" \/>\n<link rel=\"canonical\" href=\"http:\/\/www.apriori-pt.de\/?page_id=324\" \/>\n<meta property=\"og:locale\" content=\"de_DE\" \/>\n<meta property=\"og:type\" content=\"article\" \/>\n<meta property=\"og:title\" content=\"Nordic Walking - A Priori Personal Training, Firmensport &amp; Golffitness | Ihrem Personal Trainer in Dortmund\" \/>\n<meta property=\"og:description\" content=\"Nordic Walking ist eine Ausdauersportart, bei der Gehen durch den Einsatz von zwei St\u00f6cken im Rhythmus der Schritte unterst\u00fctzt wird. Derzeit wird Nordic Walking noch immer etwas sp\u00f6ttisch betrachtet. Teilweise zurecht,\u00a0 jedoch Nordic Walking ambitioniert und richtig durchgef\u00fchrt ist sehr energiereich. Andererseits ist Nordic Walking eine geradezu ideale Einsteiger Sport-\/Bewegungsm\u00f6glichkeit. Da Nordic Walking in der [&hellip;]\" \/>\n<meta property=\"og:url\" content=\"http:\/\/www.apriori-pt.de\/?page_id=324\" \/>\n<meta property=\"og:site_name\" content=\"A Priori Personal Training, Firmensport &amp; Golffitness | Ihrem Personal Trainer in Dortmund\" \/>\n<meta property=\"article:modified_time\" content=\"2019-02-07T10:42:50+00:00\" \/>\n<meta name=\"twitter:card\" content=\"summary_large_image\" \/>\n<script type=\"application\/ld+json\" class=\"yoast-schema-graph\">{\"@context\":\"https:\/\/schema.org\",\"@graph\":[{\"@type\":\"Organization\",\"@id\":\"http:\/\/www.apriori-pt.de\/#organization\",\"name\":\"apriori-pt\",\"url\":\"http:\/\/www.apriori-pt.de\/\",\"sameAs\":[],\"logo\":{\"@type\":\"ImageObject\",\"inLanguage\":\"de\",\"@id\":\"http:\/\/www.apriori-pt.de\/#\/schema\/logo\/image\/\",\"url\":\"http:\/\/www.apriori-pt.de\/wp-content\/uploads\/Unbenannt.png\",\"contentUrl\":\"http:\/\/www.apriori-pt.de\/wp-content\/uploads\/Unbenannt.png\",\"width\":332,\"height\":100,\"caption\":\"apriori-pt\"},\"image\":{\"@id\":\"http:\/\/www.apriori-pt.de\/#\/schema\/logo\/image\/\"}},{\"@type\":\"WebSite\",\"@id\":\"http:\/\/www.apriori-pt.de\/#website\",\"url\":\"http:\/\/www.apriori-pt.de\/\",\"name\":\"A Priori Personal Training, Firmensport &amp; Golffitness | Ihrem Personal Trainer in Dortmund\",\"description\":\"PERSONALTRAINING DORTMUND, PERSONAL TRAINER DORTMUND, FIRMENFITNESS DORTMUND, PERSONAL TRAINER TENERIFFA, GOLF FITNESS DORTMUND, SENIOREN FITNESS DORTMUND, LIFE KINETIK DORTMUND, FIGURTRAINING DORTMUND\",\"publisher\":{\"@id\":\"http:\/\/www.apriori-pt.de\/#organization\"},\"potentialAction\":[{\"@type\":\"SearchAction\",\"target\":{\"@type\":\"EntryPoint\",\"urlTemplate\":\"http:\/\/www.apriori-pt.de\/?s={search_term_string}\"},\"query-input\":\"required name=search_term_string\"}],\"inLanguage\":\"de\"},{\"@type\":\"WebPage\",\"@id\":\"http:\/\/www.apriori-pt.de\/?page_id=324#webpage\",\"url\":\"http:\/\/www.apriori-pt.de\/?page_id=324\",\"name\":\"Nordic Walking - A Priori Personal Training, Firmensport &amp; Golffitness | Ihrem Personal Trainer in Dortmund\",\"isPartOf\":{\"@id\":\"http:\/\/www.apriori-pt.de\/#website\"},\"datePublished\":\"2010-09-22T11:39:11+00:00\",\"dateModified\":\"2019-02-07T10:42:50+00:00\",\"breadcrumb\":{\"@id\":\"http:\/\/www.apriori-pt.de\/?page_id=324#breadcrumb\"},\"inLanguage\":\"de\",\"potentialAction\":[{\"@type\":\"ReadAction\",\"target\":[\"http:\/\/www.apriori-pt.de\/?page_id=324\"]}]},{\"@type\":\"BreadcrumbList\",\"@id\":\"http:\/\/www.apriori-pt.de\/?page_id=324#breadcrumb\",\"itemListElement\":[{\"@type\":\"ListItem\",\"position\":1,\"name\":\"Startseite\",\"item\":\"http:\/\/www.apriori-pt.de\/\"},{\"@type\":\"ListItem\",\"position\":2,\"name\":\"Privat: !!!Versteckt!!!-Trainingsinhalte\",\"item\":\"http:\/\/www.apriori-pt.de\/?page_id=791\"},{\"@type\":\"ListItem\",\"position\":3,\"name\":\"Nordic Walking\"}]}]}<\/script>\n<!-- \/ Yoast SEO plugin. -->","yoast_head_json":{"title":"Nordic Walking - A Priori Personal Training, Firmensport &amp; Golffitness | Ihrem Personal Trainer in Dortmund","robots":{"index":"index","follow":"follow","max-snippet":"max-snippet:-1","max-image-preview":"max-image-preview:large","max-video-preview":"max-video-preview:-1"},"canonical":"http:\/\/www.apriori-pt.de\/?page_id=324","og_locale":"de_DE","og_type":"article","og_title":"Nordic Walking - A Priori Personal Training, Firmensport &amp; Golffitness | Ihrem Personal Trainer in Dortmund","og_description":"Nordic Walking ist eine Ausdauersportart, bei der Gehen durch den Einsatz von zwei St\u00f6cken im Rhythmus der Schritte unterst\u00fctzt wird. Derzeit wird Nordic Walking noch immer etwas sp\u00f6ttisch betrachtet. Teilweise zurecht,\u00a0 jedoch Nordic Walking ambitioniert und richtig durchgef\u00fchrt ist sehr energiereich. Andererseits ist Nordic Walking eine geradezu ideale Einsteiger Sport-\/Bewegungsm\u00f6glichkeit. Da Nordic Walking in der [&hellip;]","og_url":"http:\/\/www.apriori-pt.de\/?page_id=324","og_site_name":"A Priori Personal Training, Firmensport &amp; Golffitness | Ihrem Personal Trainer in Dortmund","article_modified_time":"2019-02-07T10:42:50+00:00","twitter_card":"summary_large_image","schema":{"@context":"https:\/\/schema.org","@graph":[{"@type":"Organization","@id":"http:\/\/www.apriori-pt.de\/#organization","name":"apriori-pt","url":"http:\/\/www.apriori-pt.de\/","sameAs":[],"logo":{"@type":"ImageObject","inLanguage":"de","@id":"http:\/\/www.apriori-pt.de\/#\/schema\/logo\/image\/","url":"http:\/\/www.apriori-pt.de\/wp-content\/uploads\/Unbenannt.png","contentUrl":"http:\/\/www.apriori-pt.de\/wp-content\/uploads\/Unbenannt.png","width":332,"height":100,"caption":"apriori-pt"},"image":{"@id":"http:\/\/www.apriori-pt.de\/#\/schema\/logo\/image\/"}},{"@type":"WebSite","@id":"http:\/\/www.apriori-pt.de\/#website","url":"http:\/\/www.apriori-pt.de\/","name":"A Priori Personal Training, Firmensport &amp; Golffitness | Ihrem Personal Trainer in Dortmund","description":"PERSONALTRAINING DORTMUND, PERSONAL TRAINER DORTMUND, FIRMENFITNESS DORTMUND, PERSONAL TRAINER TENERIFFA, GOLF FITNESS DORTMUND, SENIOREN FITNESS DORTMUND, LIFE KINETIK DORTMUND, FIGURTRAINING DORTMUND","publisher":{"@id":"http:\/\/www.apriori-pt.de\/#organization"},"potentialAction":[{"@type":"SearchAction","target":{"@type":"EntryPoint","urlTemplate":"http:\/\/www.apriori-pt.de\/?s={search_term_string}"},"query-input":"required name=search_term_string"}],"inLanguage":"de"},{"@type":"WebPage","@id":"http:\/\/www.apriori-pt.de\/?page_id=324#webpage","url":"http:\/\/www.apriori-pt.de\/?page_id=324","name":"Nordic Walking - A Priori Personal Training, Firmensport &amp; Golffitness | Ihrem Personal Trainer in Dortmund","isPartOf":{"@id":"http:\/\/www.apriori-pt.de\/#website"},"datePublished":"2010-09-22T11:39:11+00:00","dateModified":"2019-02-07T10:42:50+00:00","breadcrumb":{"@id":"http:\/\/www.apriori-pt.de\/?page_id=324#breadcrumb"},"inLanguage":"de","potentialAction":[{"@type":"ReadAction","target":["http:\/\/www.apriori-pt.de\/?page_id=324"]}]},{"@type":"BreadcrumbList","@id":"http:\/\/www.apriori-pt.de\/?page_id=324#breadcrumb","itemListElement":[{"@type":"ListItem","position":1,"name":"Startseite","item":"http:\/\/www.apriori-pt.de\/"},{"@type":"ListItem","position":2,"name":"Privat: !!!Versteckt!!!-Trainingsinhalte","item":"http:\/\/www.apriori-pt.de\/?page_id=791"},{"@type":"ListItem","position":3,"name":"Nordic Walking"}]}]}},"_links":{"self":[{"href":"http:\/\/www.apriori-pt.de\/index.php?rest_route=\/wp\/v2\/pages\/324"}],"collection":[{"href":"http:\/\/www.apriori-pt.de\/index.php?rest_route=\/wp\/v2\/pages"}],"about":[{"href":"http:\/\/www.apriori-pt.de\/index.php?rest_route=\/wp\/v2\/types\/page"}],"author":[{"embeddable":true,"href":"http:\/\/www.apriori-pt.de\/index.php?rest_route=\/wp\/v2\/users\/1"}],"replies":[{"embeddable":true,"href":"http:\/\/www.apriori-pt.de\/index.php?rest_route=%2Fwp%2Fv2%2Fcomments&post=324"}],"version-history":[{"count":6,"href":"http:\/\/www.apriori-pt.de\/index.php?rest_route=\/wp\/v2\/pages\/324\/revisions"}],"predecessor-version":[{"id":824,"href":"http:\/\/www.apriori-pt.de\/index.php?rest_route=\/wp\/v2\/pages\/324\/revisions\/824"}],"up":[{"embeddable":true,"href":"http:\/\/www.apriori-pt.de\/index.php?rest_route=\/wp\/v2\/pages\/791"}],"wp:attachment":[{"href":"http:\/\/www.apriori-pt.de\/index.php?rest_route=%2Fwp%2Fv2%2Fmedia&parent=324"}],"curies":[{"name":"wp","href":"https:\/\/api.w.org\/{rel}","templated":true}]}}