{"id":262,"date":"2010-09-22T10:21:57","date_gmt":"2010-09-22T10:21:57","guid":{"rendered":"http:\/\/www.strewit.net\/?page_id=262"},"modified":"2019-02-07T10:42:04","modified_gmt":"2019-02-07T10:42:04","slug":"box-fitness","status":"publish","type":"page","link":"http:\/\/www.apriori-pt.de\/?page_id=262","title":{"rendered":"Box Fitness"},"content":{"rendered":"<p><img loading=\"lazy\" class=\"alignleft size-medium wp-image-416\" title=\"Box Fitness\" src=\"\/wp-content\/uploads\/iStock_000011133102XSmall-300x199.jpg\" alt=\"Box Fitness\" width=\"300\" height=\"199\" srcset=\"http:\/\/www.apriori-pt.de\/wp-content\/uploads\/iStock_000011133102XSmall-300x199.jpg 300w, http:\/\/www.apriori-pt.de\/wp-content\/uploads\/iStock_000011133102XSmall.jpg 425w\" sizes=\"(max-width: 300px) 100vw, 300px\" \/>Kaum eine Sportart beschert Ihrem K\u00f6rper so vielseitiges Training wie das Boxen. Neben Ausdauer, Kraft und Beweglichkeit werden auch Reaktions- und Konzentrationsf\u00e4higkeit ausgebildet.<\/p>\n<p>Das Box-Training wirkt sich auf die gesamte K\u00f6rpermuskulatur aus. F\u00fcr den &#8222;Punch&#8220; sind\u00a0 neben den Armen auch Schulter- und Brustmuskulatur verantwortlich. Die Muskeln des Rumpfes sind vor allem f\u00fcr die Koordination und Stabilit\u00e4t wichtig. Die Dauerbewegung des gesamten K\u00f6rpers bringt den Kreislauf auf Touren und st\u00e4rkt die Kondition. Regelm\u00e4\u00dfiges Boxtraining verbessert Ihre Beweglichkeit. Auch die koordinativen F\u00e4higkeiten sind beim Boxen gefragt. Sie m\u00fcssen sich st\u00e4ndig konzentrieren. Nur so k\u00f6nnen Sie auf jede kleinste Regung schnell und angemessen reagieren.<\/p>\n<p>\u2026 dazu kommt ein hoher Spa\u00dffaktor bei diesem Power Workout!<\/p>\n","protected":false},"excerpt":{"rendered":"<p>Kaum eine Sportart beschert Ihrem K\u00f6rper so vielseitiges Training wie das Boxen. Neben Ausdauer, Kraft und Beweglichkeit werden auch Reaktions- und Konzentrationsf\u00e4higkeit ausgebildet. Das Box-Training wirkt sich auf die gesamte K\u00f6rpermuskulatur aus. F\u00fcr den &#8222;Punch&#8220; sind\u00a0 neben den Armen auch Schulter- und Brustmuskulatur verantwortlich. Die Muskeln des Rumpfes sind vor allem f\u00fcr die Koordination und [&hellip;]<\/p>\n","protected":false},"author":1,"featured_media":0,"parent":791,"menu_order":110,"comment_status":"closed","ping_status":"closed","template":"","meta":[],"yoast_head":"<!-- This site is optimized with the Yoast SEO plugin v18.9 - https:\/\/yoast.com\/wordpress\/plugins\/seo\/ -->\n<title>Box Fitness - A Priori Personal Training, Firmensport &amp; Golffitness | Ihrem Personal Trainer in Dortmund<\/title>\n<meta name=\"robots\" content=\"index, follow, max-snippet:-1, max-image-preview:large, max-video-preview:-1\" \/>\n<link rel=\"canonical\" href=\"http:\/\/www.apriori-pt.de\/?page_id=262\" \/>\n<meta property=\"og:locale\" content=\"de_DE\" \/>\n<meta property=\"og:type\" content=\"article\" \/>\n<meta property=\"og:title\" content=\"Box Fitness - A Priori Personal Training, Firmensport &amp; Golffitness | Ihrem Personal Trainer in Dortmund\" \/>\n<meta property=\"og:description\" content=\"Kaum eine Sportart beschert Ihrem K\u00f6rper so vielseitiges Training wie das Boxen. Neben Ausdauer, Kraft und Beweglichkeit werden auch Reaktions- und Konzentrationsf\u00e4higkeit ausgebildet. Das Box-Training wirkt sich auf die gesamte K\u00f6rpermuskulatur aus. F\u00fcr den &#8222;Punch&#8220; sind\u00a0 neben den Armen auch Schulter- und Brustmuskulatur verantwortlich. Die Muskeln des Rumpfes sind vor allem f\u00fcr die Koordination und [&hellip;]\" \/>\n<meta property=\"og:url\" content=\"http:\/\/www.apriori-pt.de\/?page_id=262\" \/>\n<meta property=\"og:site_name\" content=\"A Priori Personal Training, Firmensport &amp; Golffitness | Ihrem Personal Trainer in Dortmund\" \/>\n<meta property=\"article:modified_time\" content=\"2019-02-07T10:42:04+00:00\" \/>\n<meta name=\"twitter:card\" content=\"summary_large_image\" \/>\n<meta name=\"twitter:label1\" content=\"Gesch\u00e4tzte Lesezeit\" \/>\n\t<meta name=\"twitter:data1\" content=\"1\u00a0Minute\" \/>\n<script type=\"application\/ld+json\" class=\"yoast-schema-graph\">{\"@context\":\"https:\/\/schema.org\",\"@graph\":[{\"@type\":\"Organization\",\"@id\":\"http:\/\/www.apriori-pt.de\/#organization\",\"name\":\"apriori-pt\",\"url\":\"http:\/\/www.apriori-pt.de\/\",\"sameAs\":[],\"logo\":{\"@type\":\"ImageObject\",\"inLanguage\":\"de\",\"@id\":\"http:\/\/www.apriori-pt.de\/#\/schema\/logo\/image\/\",\"url\":\"http:\/\/www.apriori-pt.de\/wp-content\/uploads\/Unbenannt.png\",\"contentUrl\":\"http:\/\/www.apriori-pt.de\/wp-content\/uploads\/Unbenannt.png\",\"width\":332,\"height\":100,\"caption\":\"apriori-pt\"},\"image\":{\"@id\":\"http:\/\/www.apriori-pt.de\/#\/schema\/logo\/image\/\"}},{\"@type\":\"WebSite\",\"@id\":\"http:\/\/www.apriori-pt.de\/#website\",\"url\":\"http:\/\/www.apriori-pt.de\/\",\"name\":\"A Priori Personal Training, Firmensport &amp; Golffitness | Ihrem Personal Trainer in Dortmund\",\"description\":\"PERSONALTRAINING DORTMUND, PERSONAL TRAINER DORTMUND, FIRMENFITNESS DORTMUND, PERSONAL TRAINER TENERIFFA, GOLF FITNESS DORTMUND, SENIOREN FITNESS DORTMUND, LIFE KINETIK DORTMUND, FIGURTRAINING DORTMUND\",\"publisher\":{\"@id\":\"http:\/\/www.apriori-pt.de\/#organization\"},\"potentialAction\":[{\"@type\":\"SearchAction\",\"target\":{\"@type\":\"EntryPoint\",\"urlTemplate\":\"http:\/\/www.apriori-pt.de\/?s={search_term_string}\"},\"query-input\":\"required name=search_term_string\"}],\"inLanguage\":\"de\"},{\"@type\":\"WebPage\",\"@id\":\"http:\/\/www.apriori-pt.de\/?page_id=262#webpage\",\"url\":\"http:\/\/www.apriori-pt.de\/?page_id=262\",\"name\":\"Box Fitness - A Priori Personal Training, Firmensport &amp; Golffitness | Ihrem Personal Trainer in Dortmund\",\"isPartOf\":{\"@id\":\"http:\/\/www.apriori-pt.de\/#website\"},\"datePublished\":\"2010-09-22T10:21:57+00:00\",\"dateModified\":\"2019-02-07T10:42:04+00:00\",\"breadcrumb\":{\"@id\":\"http:\/\/www.apriori-pt.de\/?page_id=262#breadcrumb\"},\"inLanguage\":\"de\",\"potentialAction\":[{\"@type\":\"ReadAction\",\"target\":[\"http:\/\/www.apriori-pt.de\/?page_id=262\"]}]},{\"@type\":\"BreadcrumbList\",\"@id\":\"http:\/\/www.apriori-pt.de\/?page_id=262#breadcrumb\",\"itemListElement\":[{\"@type\":\"ListItem\",\"position\":1,\"name\":\"Startseite\",\"item\":\"http:\/\/www.apriori-pt.de\/\"},{\"@type\":\"ListItem\",\"position\":2,\"name\":\"Privat: !!!Versteckt!!!-Trainingsinhalte\",\"item\":\"http:\/\/www.apriori-pt.de\/?page_id=791\"},{\"@type\":\"ListItem\",\"position\":3,\"name\":\"Box Fitness\"}]}]}<\/script>\n<!-- \/ Yoast SEO plugin. -->","yoast_head_json":{"title":"Box Fitness - A Priori Personal Training, Firmensport &amp; Golffitness | Ihrem Personal Trainer in Dortmund","robots":{"index":"index","follow":"follow","max-snippet":"max-snippet:-1","max-image-preview":"max-image-preview:large","max-video-preview":"max-video-preview:-1"},"canonical":"http:\/\/www.apriori-pt.de\/?page_id=262","og_locale":"de_DE","og_type":"article","og_title":"Box Fitness - A Priori Personal Training, Firmensport &amp; Golffitness | Ihrem Personal Trainer in Dortmund","og_description":"Kaum eine Sportart beschert Ihrem K\u00f6rper so vielseitiges Training wie das Boxen. Neben Ausdauer, Kraft und Beweglichkeit werden auch Reaktions- und Konzentrationsf\u00e4higkeit ausgebildet. Das Box-Training wirkt sich auf die gesamte K\u00f6rpermuskulatur aus. F\u00fcr den &#8222;Punch&#8220; sind\u00a0 neben den Armen auch Schulter- und Brustmuskulatur verantwortlich. Die Muskeln des Rumpfes sind vor allem f\u00fcr die Koordination und [&hellip;]","og_url":"http:\/\/www.apriori-pt.de\/?page_id=262","og_site_name":"A Priori Personal Training, Firmensport &amp; Golffitness | Ihrem Personal Trainer in Dortmund","article_modified_time":"2019-02-07T10:42:04+00:00","twitter_card":"summary_large_image","twitter_misc":{"Gesch\u00e4tzte Lesezeit":"1\u00a0Minute"},"schema":{"@context":"https:\/\/schema.org","@graph":[{"@type":"Organization","@id":"http:\/\/www.apriori-pt.de\/#organization","name":"apriori-pt","url":"http:\/\/www.apriori-pt.de\/","sameAs":[],"logo":{"@type":"ImageObject","inLanguage":"de","@id":"http:\/\/www.apriori-pt.de\/#\/schema\/logo\/image\/","url":"http:\/\/www.apriori-pt.de\/wp-content\/uploads\/Unbenannt.png","contentUrl":"http:\/\/www.apriori-pt.de\/wp-content\/uploads\/Unbenannt.png","width":332,"height":100,"caption":"apriori-pt"},"image":{"@id":"http:\/\/www.apriori-pt.de\/#\/schema\/logo\/image\/"}},{"@type":"WebSite","@id":"http:\/\/www.apriori-pt.de\/#website","url":"http:\/\/www.apriori-pt.de\/","name":"A Priori Personal Training, Firmensport &amp; Golffitness | Ihrem Personal Trainer in Dortmund","description":"PERSONALTRAINING DORTMUND, PERSONAL TRAINER DORTMUND, FIRMENFITNESS DORTMUND, PERSONAL TRAINER TENERIFFA, GOLF FITNESS DORTMUND, SENIOREN FITNESS DORTMUND, LIFE KINETIK DORTMUND, FIGURTRAINING DORTMUND","publisher":{"@id":"http:\/\/www.apriori-pt.de\/#organization"},"potentialAction":[{"@type":"SearchAction","target":{"@type":"EntryPoint","urlTemplate":"http:\/\/www.apriori-pt.de\/?s={search_term_string}"},"query-input":"required name=search_term_string"}],"inLanguage":"de"},{"@type":"WebPage","@id":"http:\/\/www.apriori-pt.de\/?page_id=262#webpage","url":"http:\/\/www.apriori-pt.de\/?page_id=262","name":"Box Fitness - A Priori Personal Training, Firmensport &amp; Golffitness | Ihrem Personal Trainer in Dortmund","isPartOf":{"@id":"http:\/\/www.apriori-pt.de\/#website"},"datePublished":"2010-09-22T10:21:57+00:00","dateModified":"2019-02-07T10:42:04+00:00","breadcrumb":{"@id":"http:\/\/www.apriori-pt.de\/?page_id=262#breadcrumb"},"inLanguage":"de","potentialAction":[{"@type":"ReadAction","target":["http:\/\/www.apriori-pt.de\/?page_id=262"]}]},{"@type":"BreadcrumbList","@id":"http:\/\/www.apriori-pt.de\/?page_id=262#breadcrumb","itemListElement":[{"@type":"ListItem","position":1,"name":"Startseite","item":"http:\/\/www.apriori-pt.de\/"},{"@type":"ListItem","position":2,"name":"Privat: !!!Versteckt!!!-Trainingsinhalte","item":"http:\/\/www.apriori-pt.de\/?page_id=791"},{"@type":"ListItem","position":3,"name":"Box Fitness"}]}]}},"_links":{"self":[{"href":"http:\/\/www.apriori-pt.de\/index.php?rest_route=\/wp\/v2\/pages\/262"}],"collection":[{"href":"http:\/\/www.apriori-pt.de\/index.php?rest_route=\/wp\/v2\/pages"}],"about":[{"href":"http:\/\/www.apriori-pt.de\/index.php?rest_route=\/wp\/v2\/types\/page"}],"author":[{"embeddable":true,"href":"http:\/\/www.apriori-pt.de\/index.php?rest_route=\/wp\/v2\/users\/1"}],"replies":[{"embeddable":true,"href":"http:\/\/www.apriori-pt.de\/index.php?rest_route=%2Fwp%2Fv2%2Fcomments&post=262"}],"version-history":[{"count":5,"href":"http:\/\/www.apriori-pt.de\/index.php?rest_route=\/wp\/v2\/pages\/262\/revisions"}],"predecessor-version":[{"id":814,"href":"http:\/\/www.apriori-pt.de\/index.php?rest_route=\/wp\/v2\/pages\/262\/revisions\/814"}],"up":[{"embeddable":true,"href":"http:\/\/www.apriori-pt.de\/index.php?rest_route=\/wp\/v2\/pages\/791"}],"wp:attachment":[{"href":"http:\/\/www.apriori-pt.de\/index.php?rest_route=%2Fwp%2Fv2%2Fmedia&parent=262"}],"curies":[{"name":"wp","href":"https:\/\/api.w.org\/{rel}","templated":true}]}}