{"id":238,"date":"2010-09-22T09:44:08","date_gmt":"2010-09-22T09:44:08","guid":{"rendered":"http:\/\/www.strewit.net\/?page_id=238"},"modified":"2022-05-20T08:50:05","modified_gmt":"2022-05-20T08:50:05","slug":"senioren-fitness","status":"publish","type":"page","link":"http:\/\/www.apriori-pt.de\/?page_id=238","title":{"rendered":"Senioren Fitness"},"content":{"rendered":"<p><img loading=\"lazy\" class=\"alignleft size-medium wp-image-411\" title=\"Senioren Fitness\" src=\"\/wp-content\/uploads\/iStock_000003314384XSmall-300x238.jpg\" alt=\"Senioren Fitness\" width=\"300\" height=\"238\" srcset=\"http:\/\/www.apriori-pt.de\/wp-content\/uploads\/iStock_000003314384XSmall-300x238.jpg 300w, http:\/\/www.apriori-pt.de\/wp-content\/uploads\/iStock_000003314384XSmall.jpg 388w\" sizes=\"(max-width: 300px) 100vw, 300px\" \/><\/p>\n<p>BEST AGERS, Senioren Fitness\u00a0&gt;\u00a0reagieren Sie\u00a0<strong>AKTIV !<\/strong><\/p>\n<p>Ihre Lebensqualit\u00e4t lange bewahren!\u00a0Vitalit\u00e4t und Frische im Herbst des Lebens, anstatt Bikinifigur und Kraftprotzerei. Senden Sie Ihrem K\u00f6rper das Signal das er noch gebraucht wird. Sonst glaubt er Ihnen auch das Gegenteil.<\/p>\n<p>Trotz l\u00e4ngerer Lebenserwartung, finanzieller Freiheiten und nahezu unbegrenzten M\u00f6glichkeiten f\u00fcr die \u201cRuhe\u201d Jahre &#8211; ohne erhaltene Gesundheit, Vitalit\u00e4t und Lebenskraft ist alles nicht viel Wert.<\/p>\n<p>Ob altersbedingte Beschwerden oder klassische Krankheitsbilde,\u00a0Sie k\u00f6nnen die nat\u00fcrlichen Prozesse verlangsamen!<\/p>\n<p>Als ihr Vitalit\u00e4tstrainer unterst\u00fctze ich Sie !<\/p>\n","protected":false},"excerpt":{"rendered":"<p>BEST AGERS, Senioren Fitness\u00a0&gt;\u00a0reagieren Sie\u00a0AKTIV ! Ihre Lebensqualit\u00e4t lange bewahren!\u00a0Vitalit\u00e4t und Frische im Herbst des Lebens, anstatt Bikinifigur und Kraftprotzerei. Senden Sie Ihrem K\u00f6rper das Signal das er noch gebraucht wird. Sonst glaubt er Ihnen auch das Gegenteil. Trotz l\u00e4ngerer Lebenserwartung, finanzieller Freiheiten und nahezu unbegrenzten M\u00f6glichkeiten f\u00fcr die \u201cRuhe\u201d Jahre &#8211; ohne erhaltene Gesundheit, [&hellip;]<\/p>\n","protected":false},"author":1,"featured_media":0,"parent":0,"menu_order":3,"comment_status":"closed","ping_status":"closed","template":"","meta":[],"yoast_head":"<!-- This site is optimized with the Yoast SEO plugin v18.9 - https:\/\/yoast.com\/wordpress\/plugins\/seo\/ -->\n<title>Senioren Fitness - A Priori Personal Training, Firmensport &amp; Golffitness | Ihrem Personal Trainer in Dortmund<\/title>\n<meta name=\"robots\" content=\"index, follow, max-snippet:-1, max-image-preview:large, max-video-preview:-1\" \/>\n<link rel=\"canonical\" href=\"http:\/\/www.apriori-pt.de\/?page_id=238\" \/>\n<meta property=\"og:locale\" content=\"de_DE\" \/>\n<meta property=\"og:type\" content=\"article\" \/>\n<meta property=\"og:title\" content=\"Senioren Fitness - A Priori Personal Training, Firmensport &amp; Golffitness | Ihrem Personal Trainer in Dortmund\" \/>\n<meta property=\"og:description\" content=\"BEST AGERS, Senioren Fitness\u00a0&gt;\u00a0reagieren Sie\u00a0AKTIV ! Ihre Lebensqualit\u00e4t lange bewahren!\u00a0Vitalit\u00e4t und Frische im Herbst des Lebens, anstatt Bikinifigur und Kraftprotzerei. Senden Sie Ihrem K\u00f6rper das Signal das er noch gebraucht wird. Sonst glaubt er Ihnen auch das Gegenteil. Trotz l\u00e4ngerer Lebenserwartung, finanzieller Freiheiten und nahezu unbegrenzten M\u00f6glichkeiten f\u00fcr die \u201cRuhe\u201d Jahre &#8211; ohne erhaltene Gesundheit, [&hellip;]\" \/>\n<meta property=\"og:url\" content=\"http:\/\/www.apriori-pt.de\/?page_id=238\" \/>\n<meta property=\"og:site_name\" content=\"A Priori Personal Training, Firmensport &amp; Golffitness | Ihrem Personal Trainer in Dortmund\" \/>\n<meta property=\"article:modified_time\" content=\"2022-05-20T08:50:05+00:00\" \/>\n<meta name=\"twitter:card\" content=\"summary_large_image\" \/>\n<meta name=\"twitter:label1\" content=\"Gesch\u00e4tzte Lesezeit\" \/>\n\t<meta name=\"twitter:data1\" content=\"1\u00a0Minute\" \/>\n<script type=\"application\/ld+json\" class=\"yoast-schema-graph\">{\"@context\":\"https:\/\/schema.org\",\"@graph\":[{\"@type\":\"Organization\",\"@id\":\"http:\/\/www.apriori-pt.de\/#organization\",\"name\":\"apriori-pt\",\"url\":\"http:\/\/www.apriori-pt.de\/\",\"sameAs\":[],\"logo\":{\"@type\":\"ImageObject\",\"inLanguage\":\"de\",\"@id\":\"http:\/\/www.apriori-pt.de\/#\/schema\/logo\/image\/\",\"url\":\"http:\/\/www.apriori-pt.de\/wp-content\/uploads\/Unbenannt.png\",\"contentUrl\":\"http:\/\/www.apriori-pt.de\/wp-content\/uploads\/Unbenannt.png\",\"width\":332,\"height\":100,\"caption\":\"apriori-pt\"},\"image\":{\"@id\":\"http:\/\/www.apriori-pt.de\/#\/schema\/logo\/image\/\"}},{\"@type\":\"WebSite\",\"@id\":\"http:\/\/www.apriori-pt.de\/#website\",\"url\":\"http:\/\/www.apriori-pt.de\/\",\"name\":\"A Priori Personal Training, Firmensport &amp; Golffitness | Ihrem Personal Trainer in Dortmund\",\"description\":\"PERSONALTRAINING DORTMUND, PERSONAL TRAINER DORTMUND, FIRMENFITNESS DORTMUND, PERSONAL TRAINER TENERIFFA, GOLF FITNESS DORTMUND, SENIOREN FITNESS DORTMUND, LIFE KINETIK DORTMUND, FIGURTRAINING DORTMUND\",\"publisher\":{\"@id\":\"http:\/\/www.apriori-pt.de\/#organization\"},\"potentialAction\":[{\"@type\":\"SearchAction\",\"target\":{\"@type\":\"EntryPoint\",\"urlTemplate\":\"http:\/\/www.apriori-pt.de\/?s={search_term_string}\"},\"query-input\":\"required name=search_term_string\"}],\"inLanguage\":\"de\"},{\"@type\":\"WebPage\",\"@id\":\"http:\/\/www.apriori-pt.de\/?page_id=238#webpage\",\"url\":\"http:\/\/www.apriori-pt.de\/?page_id=238\",\"name\":\"Senioren Fitness - A Priori Personal Training, Firmensport &amp; Golffitness | Ihrem Personal Trainer in Dortmund\",\"isPartOf\":{\"@id\":\"http:\/\/www.apriori-pt.de\/#website\"},\"datePublished\":\"2010-09-22T09:44:08+00:00\",\"dateModified\":\"2022-05-20T08:50:05+00:00\",\"breadcrumb\":{\"@id\":\"http:\/\/www.apriori-pt.de\/?page_id=238#breadcrumb\"},\"inLanguage\":\"de\",\"potentialAction\":[{\"@type\":\"ReadAction\",\"target\":[\"http:\/\/www.apriori-pt.de\/?page_id=238\"]}]},{\"@type\":\"BreadcrumbList\",\"@id\":\"http:\/\/www.apriori-pt.de\/?page_id=238#breadcrumb\",\"itemListElement\":[{\"@type\":\"ListItem\",\"position\":1,\"name\":\"Startseite\",\"item\":\"http:\/\/www.apriori-pt.de\/\"},{\"@type\":\"ListItem\",\"position\":2,\"name\":\"Senioren Fitness\"}]}]}<\/script>\n<!-- \/ Yoast SEO plugin. -->","yoast_head_json":{"title":"Senioren Fitness - A Priori Personal Training, Firmensport &amp; Golffitness | Ihrem Personal Trainer in Dortmund","robots":{"index":"index","follow":"follow","max-snippet":"max-snippet:-1","max-image-preview":"max-image-preview:large","max-video-preview":"max-video-preview:-1"},"canonical":"http:\/\/www.apriori-pt.de\/?page_id=238","og_locale":"de_DE","og_type":"article","og_title":"Senioren Fitness - A Priori Personal Training, Firmensport &amp; Golffitness | Ihrem Personal Trainer in Dortmund","og_description":"BEST AGERS, Senioren Fitness\u00a0&gt;\u00a0reagieren Sie\u00a0AKTIV ! Ihre Lebensqualit\u00e4t lange bewahren!\u00a0Vitalit\u00e4t und Frische im Herbst des Lebens, anstatt Bikinifigur und Kraftprotzerei. Senden Sie Ihrem K\u00f6rper das Signal das er noch gebraucht wird. Sonst glaubt er Ihnen auch das Gegenteil. Trotz l\u00e4ngerer Lebenserwartung, finanzieller Freiheiten und nahezu unbegrenzten M\u00f6glichkeiten f\u00fcr die \u201cRuhe\u201d Jahre &#8211; ohne erhaltene Gesundheit, [&hellip;]","og_url":"http:\/\/www.apriori-pt.de\/?page_id=238","og_site_name":"A Priori Personal Training, Firmensport &amp; Golffitness | Ihrem Personal Trainer in Dortmund","article_modified_time":"2022-05-20T08:50:05+00:00","twitter_card":"summary_large_image","twitter_misc":{"Gesch\u00e4tzte Lesezeit":"1\u00a0Minute"},"schema":{"@context":"https:\/\/schema.org","@graph":[{"@type":"Organization","@id":"http:\/\/www.apriori-pt.de\/#organization","name":"apriori-pt","url":"http:\/\/www.apriori-pt.de\/","sameAs":[],"logo":{"@type":"ImageObject","inLanguage":"de","@id":"http:\/\/www.apriori-pt.de\/#\/schema\/logo\/image\/","url":"http:\/\/www.apriori-pt.de\/wp-content\/uploads\/Unbenannt.png","contentUrl":"http:\/\/www.apriori-pt.de\/wp-content\/uploads\/Unbenannt.png","width":332,"height":100,"caption":"apriori-pt"},"image":{"@id":"http:\/\/www.apriori-pt.de\/#\/schema\/logo\/image\/"}},{"@type":"WebSite","@id":"http:\/\/www.apriori-pt.de\/#website","url":"http:\/\/www.apriori-pt.de\/","name":"A Priori Personal Training, Firmensport &amp; Golffitness | Ihrem Personal Trainer in Dortmund","description":"PERSONALTRAINING DORTMUND, PERSONAL TRAINER DORTMUND, FIRMENFITNESS DORTMUND, PERSONAL TRAINER TENERIFFA, GOLF FITNESS DORTMUND, SENIOREN FITNESS DORTMUND, LIFE KINETIK DORTMUND, FIGURTRAINING DORTMUND","publisher":{"@id":"http:\/\/www.apriori-pt.de\/#organization"},"potentialAction":[{"@type":"SearchAction","target":{"@type":"EntryPoint","urlTemplate":"http:\/\/www.apriori-pt.de\/?s={search_term_string}"},"query-input":"required name=search_term_string"}],"inLanguage":"de"},{"@type":"WebPage","@id":"http:\/\/www.apriori-pt.de\/?page_id=238#webpage","url":"http:\/\/www.apriori-pt.de\/?page_id=238","name":"Senioren Fitness - A Priori Personal Training, Firmensport &amp; Golffitness | Ihrem Personal Trainer in Dortmund","isPartOf":{"@id":"http:\/\/www.apriori-pt.de\/#website"},"datePublished":"2010-09-22T09:44:08+00:00","dateModified":"2022-05-20T08:50:05+00:00","breadcrumb":{"@id":"http:\/\/www.apriori-pt.de\/?page_id=238#breadcrumb"},"inLanguage":"de","potentialAction":[{"@type":"ReadAction","target":["http:\/\/www.apriori-pt.de\/?page_id=238"]}]},{"@type":"BreadcrumbList","@id":"http:\/\/www.apriori-pt.de\/?page_id=238#breadcrumb","itemListElement":[{"@type":"ListItem","position":1,"name":"Startseite","item":"http:\/\/www.apriori-pt.de\/"},{"@type":"ListItem","position":2,"name":"Senioren Fitness"}]}]}},"_links":{"self":[{"href":"http:\/\/www.apriori-pt.de\/index.php?rest_route=\/wp\/v2\/pages\/238"}],"collection":[{"href":"http:\/\/www.apriori-pt.de\/index.php?rest_route=\/wp\/v2\/pages"}],"about":[{"href":"http:\/\/www.apriori-pt.de\/index.php?rest_route=\/wp\/v2\/types\/page"}],"author":[{"embeddable":true,"href":"http:\/\/www.apriori-pt.de\/index.php?rest_route=\/wp\/v2\/users\/1"}],"replies":[{"embeddable":true,"href":"http:\/\/www.apriori-pt.de\/index.php?rest_route=%2Fwp%2Fv2%2Fcomments&post=238"}],"version-history":[{"count":9,"href":"http:\/\/www.apriori-pt.de\/index.php?rest_route=\/wp\/v2\/pages\/238\/revisions"}],"predecessor-version":[{"id":1000,"href":"http:\/\/www.apriori-pt.de\/index.php?rest_route=\/wp\/v2\/pages\/238\/revisions\/1000"}],"wp:attachment":[{"href":"http:\/\/www.apriori-pt.de\/index.php?rest_route=%2Fwp%2Fv2%2Fmedia&parent=238"}],"curies":[{"name":"wp","href":"https:\/\/api.w.org\/{rel}","templated":true}]}}