{"id":16,"date":"2010-05-07T19:28:05","date_gmt":"2010-05-07T19:28:05","guid":{"rendered":"http:\/\/www.strewit.net\/?page_id=16"},"modified":"2021-01-30T10:14:15","modified_gmt":"2021-01-30T10:14:15","slug":"weitere-2","status":"publish","type":"page","link":"http:\/\/www.apriori-pt.de\/?page_id=16","title":{"rendered":"Personaltraining"},"content":{"rendered":"<p><strong><img loading=\"lazy\" class=\"alignleft size-medium wp-image-382\" title=\"Wir greifen wie Zahnraeder ineinander\" src=\"\/wp-content\/uploads\/gears-300x285.jpg\" alt=\"Wir greifen wie Zahnraeder ineinander\" width=\"300\" height=\"285\" srcset=\"http:\/\/www.apriori-pt.de\/wp-content\/uploads\/gears-300x285.jpg 300w, http:\/\/www.apriori-pt.de\/wp-content\/uploads\/gears.jpg 360w\" sizes=\"(max-width: 300px) 100vw, 300px\" \/>\u201e tue Gutes, &#8211; auch Dir selber\u201d!<\/strong><\/p>\n<p>Stress, Terminnot, zu wenig Bewegung, &#8211; oft bleibt in unserer schnelllebigen Zeit,\u00a0<strong>aktiver Ausgleich<\/strong> und Ihre Gesundheit au\u00dfen vor.<\/p>\n<p><em>Steigern Sie Ihre Vitalit\u00e4t, Leistungsf\u00e4higkeit, physische und psychische Belastbarkeit!<br \/>\nErh\u00f6hen Sie Ihre Attraktivit\u00e4t und Lebensqualit\u00e4t!<br \/>\nErhalten Sie Ihre Mobilit\u00e4t !<br \/>\n<strong>Wer alt werden m\u00f6chte, muss fr\u00fch anfangen jung zu bleiben!<\/strong><\/em><\/p>\n<p><em>Bewegung ist das einzige nachhaltige Anti &#8211; Aging Konzept, und verl\u00e4sslicher Garant f\u00fcr mehr\u00a0<strong>Lebensenergie, bis ins hohe Alter!<\/strong><\/em><\/p>\n<p>a priori Personal Training\u00a0leistet ein abwechslungsreiches und ambitioniertes, indviduelles Training. Ihr Personal Trainer kommt zu Ihnen, motiviert Sie und passt das Training Ihren jeweiligen pers\u00f6nlichen Umst\u00e4nden an.<em><img loading=\"lazy\" class=\"size-full wp-image-383 alignright\" title=\"Erfolg mit System\" src=\"..\/wp-content\/uploads\/iStock_000002567607XSmall.jpg\" alt=\"Erfolg mit System\" width=\"212\" height=\"318\" srcset=\"http:\/\/www.apriori-pt.de\/wp-content\/uploads\/iStock_000002567607XSmall.jpg 212w, http:\/\/www.apriori-pt.de\/wp-content\/uploads\/iStock_000002567607XSmall-200x300.jpg 200w\" sizes=\"(max-width: 212px) 100vw, 212px\" \/><\/em><\/p>\n<p>W\u00e4hrend des Trainings steht Ihr Personal Trainer allein Ihnen zu Verf\u00fcgung,<strong> ist Ihr pers\u00f6nlicher Trainingspartner und Verb\u00fcndeter!<\/strong><\/p>\n<p><strong>Personal Training ist <\/strong>auf Ihre pers\u00f6nlichen Ziele und Ihren aktuellen Leistungsstand ausgerichtet und bietet darum ein H\u00f6chstma\u00df an\u00a0<strong>Effektivit\u00e4t <\/strong>\u2026\u00a0<strong>Spa\u00df<\/strong> \u2026 und\u00a0<strong>Freude <\/strong>an der Bewegung.<\/p>\n<p><em>Individuell ausgerichtetes Training ist eine Langzeitinvestition in die eigene Produktivit\u00e4t und Lebenskraft.\u00a0<strong>Ihr K\u00f6rper ist die gr\u00f6\u00dfte Kapitalanlage in Ihrem Leben, <\/strong>und Sie haben die Kontrolle<\/em> <em>dar\u00fcber.<br \/>\n<\/em><\/p>\n<p><strong>Investieren Sie in sich selbst !<\/strong><\/p>\n","protected":false},"excerpt":{"rendered":"<p>\u201e tue Gutes, &#8211; auch Dir selber\u201d! Stress, Terminnot, zu wenig Bewegung, &#8211; oft bleibt in unserer schnelllebigen Zeit,\u00a0aktiver Ausgleich und Ihre Gesundheit au\u00dfen vor. Steigern Sie Ihre Vitalit\u00e4t, Leistungsf\u00e4higkeit, physische und psychische Belastbarkeit! Erh\u00f6hen Sie Ihre Attraktivit\u00e4t und Lebensqualit\u00e4t! Erhalten Sie Ihre Mobilit\u00e4t ! Wer alt werden m\u00f6chte, muss fr\u00fch anfangen jung zu bleiben! [&hellip;]<\/p>\n","protected":false},"author":1,"featured_media":0,"parent":102,"menu_order":11,"comment_status":"open","ping_status":"closed","template":"","meta":[],"yoast_head":"<!-- This site is optimized with the Yoast SEO plugin v18.9 - https:\/\/yoast.com\/wordpress\/plugins\/seo\/ -->\n<title>Personaltraining - A Priori Personal Training, Firmensport &amp; Golffitness | Ihrem Personal Trainer in Dortmund<\/title>\n<meta name=\"robots\" content=\"index, follow, max-snippet:-1, max-image-preview:large, max-video-preview:-1\" \/>\n<link rel=\"canonical\" href=\"http:\/\/www.apriori-pt.de\/?page_id=16\" \/>\n<meta property=\"og:locale\" content=\"de_DE\" \/>\n<meta property=\"og:type\" content=\"article\" \/>\n<meta property=\"og:title\" content=\"Personaltraining - A Priori Personal Training, Firmensport &amp; Golffitness | Ihrem Personal Trainer in Dortmund\" \/>\n<meta property=\"og:description\" content=\"\u201e tue Gutes, &#8211; auch Dir selber\u201d! Stress, Terminnot, zu wenig Bewegung, &#8211; oft bleibt in unserer schnelllebigen Zeit,\u00a0aktiver Ausgleich und Ihre Gesundheit au\u00dfen vor. Steigern Sie Ihre Vitalit\u00e4t, Leistungsf\u00e4higkeit, physische und psychische Belastbarkeit! Erh\u00f6hen Sie Ihre Attraktivit\u00e4t und Lebensqualit\u00e4t! Erhalten Sie Ihre Mobilit\u00e4t ! Wer alt werden m\u00f6chte, muss fr\u00fch anfangen jung zu bleiben! [&hellip;]\" \/>\n<meta property=\"og:url\" content=\"http:\/\/www.apriori-pt.de\/?page_id=16\" \/>\n<meta property=\"og:site_name\" content=\"A Priori Personal Training, Firmensport &amp; Golffitness | Ihrem Personal Trainer in Dortmund\" \/>\n<meta property=\"article:modified_time\" content=\"2021-01-30T10:14:15+00:00\" \/>\n<meta name=\"twitter:card\" content=\"summary_large_image\" \/>\n<meta name=\"twitter:label1\" content=\"Gesch\u00e4tzte Lesezeit\" \/>\n\t<meta name=\"twitter:data1\" content=\"1\u00a0Minute\" \/>\n<script type=\"application\/ld+json\" class=\"yoast-schema-graph\">{\"@context\":\"https:\/\/schema.org\",\"@graph\":[{\"@type\":\"Organization\",\"@id\":\"http:\/\/www.apriori-pt.de\/#organization\",\"name\":\"apriori-pt\",\"url\":\"http:\/\/www.apriori-pt.de\/\",\"sameAs\":[],\"logo\":{\"@type\":\"ImageObject\",\"inLanguage\":\"de\",\"@id\":\"http:\/\/www.apriori-pt.de\/#\/schema\/logo\/image\/\",\"url\":\"http:\/\/www.apriori-pt.de\/wp-content\/uploads\/Unbenannt.png\",\"contentUrl\":\"http:\/\/www.apriori-pt.de\/wp-content\/uploads\/Unbenannt.png\",\"width\":332,\"height\":100,\"caption\":\"apriori-pt\"},\"image\":{\"@id\":\"http:\/\/www.apriori-pt.de\/#\/schema\/logo\/image\/\"}},{\"@type\":\"WebSite\",\"@id\":\"http:\/\/www.apriori-pt.de\/#website\",\"url\":\"http:\/\/www.apriori-pt.de\/\",\"name\":\"A Priori Personal Training, Firmensport &amp; Golffitness | Ihrem Personal Trainer in Dortmund\",\"description\":\"PERSONALTRAINING DORTMUND, PERSONAL TRAINER DORTMUND, FIRMENFITNESS DORTMUND, PERSONAL TRAINER TENERIFFA, GOLF FITNESS DORTMUND, SENIOREN FITNESS DORTMUND, LIFE KINETIK DORTMUND, FIGURTRAINING DORTMUND\",\"publisher\":{\"@id\":\"http:\/\/www.apriori-pt.de\/#organization\"},\"potentialAction\":[{\"@type\":\"SearchAction\",\"target\":{\"@type\":\"EntryPoint\",\"urlTemplate\":\"http:\/\/www.apriori-pt.de\/?s={search_term_string}\"},\"query-input\":\"required name=search_term_string\"}],\"inLanguage\":\"de\"},{\"@type\":\"WebPage\",\"@id\":\"http:\/\/www.apriori-pt.de\/?page_id=16#webpage\",\"url\":\"http:\/\/www.apriori-pt.de\/?page_id=16\",\"name\":\"Personaltraining - A Priori Personal Training, Firmensport &amp; Golffitness | Ihrem Personal Trainer in Dortmund\",\"isPartOf\":{\"@id\":\"http:\/\/www.apriori-pt.de\/#website\"},\"datePublished\":\"2010-05-07T19:28:05+00:00\",\"dateModified\":\"2021-01-30T10:14:15+00:00\",\"breadcrumb\":{\"@id\":\"http:\/\/www.apriori-pt.de\/?page_id=16#breadcrumb\"},\"inLanguage\":\"de\",\"potentialAction\":[{\"@type\":\"ReadAction\",\"target\":[\"http:\/\/www.apriori-pt.de\/?page_id=16\"]}]},{\"@type\":\"BreadcrumbList\",\"@id\":\"http:\/\/www.apriori-pt.de\/?page_id=16#breadcrumb\",\"itemListElement\":[{\"@type\":\"ListItem\",\"position\":1,\"name\":\"Startseite\",\"item\":\"http:\/\/www.apriori-pt.de\/\"},{\"@type\":\"ListItem\",\"position\":2,\"name\":\"Ihr Trainer\",\"item\":\"http:\/\/www.apriori-pt.de\/?page_id=102\"},{\"@type\":\"ListItem\",\"position\":3,\"name\":\"Personaltraining\"}]}]}<\/script>\n<!-- \/ Yoast SEO plugin. -->","yoast_head_json":{"title":"Personaltraining - A Priori Personal Training, Firmensport &amp; Golffitness | Ihrem Personal Trainer in Dortmund","robots":{"index":"index","follow":"follow","max-snippet":"max-snippet:-1","max-image-preview":"max-image-preview:large","max-video-preview":"max-video-preview:-1"},"canonical":"http:\/\/www.apriori-pt.de\/?page_id=16","og_locale":"de_DE","og_type":"article","og_title":"Personaltraining - A Priori Personal Training, Firmensport &amp; Golffitness | Ihrem Personal Trainer in Dortmund","og_description":"\u201e tue Gutes, &#8211; auch Dir selber\u201d! Stress, Terminnot, zu wenig Bewegung, &#8211; oft bleibt in unserer schnelllebigen Zeit,\u00a0aktiver Ausgleich und Ihre Gesundheit au\u00dfen vor. Steigern Sie Ihre Vitalit\u00e4t, Leistungsf\u00e4higkeit, physische und psychische Belastbarkeit! Erh\u00f6hen Sie Ihre Attraktivit\u00e4t und Lebensqualit\u00e4t! Erhalten Sie Ihre Mobilit\u00e4t ! Wer alt werden m\u00f6chte, muss fr\u00fch anfangen jung zu bleiben! [&hellip;]","og_url":"http:\/\/www.apriori-pt.de\/?page_id=16","og_site_name":"A Priori Personal Training, Firmensport &amp; Golffitness | Ihrem Personal Trainer in Dortmund","article_modified_time":"2021-01-30T10:14:15+00:00","twitter_card":"summary_large_image","twitter_misc":{"Gesch\u00e4tzte Lesezeit":"1\u00a0Minute"},"schema":{"@context":"https:\/\/schema.org","@graph":[{"@type":"Organization","@id":"http:\/\/www.apriori-pt.de\/#organization","name":"apriori-pt","url":"http:\/\/www.apriori-pt.de\/","sameAs":[],"logo":{"@type":"ImageObject","inLanguage":"de","@id":"http:\/\/www.apriori-pt.de\/#\/schema\/logo\/image\/","url":"http:\/\/www.apriori-pt.de\/wp-content\/uploads\/Unbenannt.png","contentUrl":"http:\/\/www.apriori-pt.de\/wp-content\/uploads\/Unbenannt.png","width":332,"height":100,"caption":"apriori-pt"},"image":{"@id":"http:\/\/www.apriori-pt.de\/#\/schema\/logo\/image\/"}},{"@type":"WebSite","@id":"http:\/\/www.apriori-pt.de\/#website","url":"http:\/\/www.apriori-pt.de\/","name":"A Priori Personal Training, Firmensport &amp; Golffitness | Ihrem Personal Trainer in Dortmund","description":"PERSONALTRAINING DORTMUND, PERSONAL TRAINER DORTMUND, FIRMENFITNESS DORTMUND, PERSONAL TRAINER TENERIFFA, GOLF FITNESS DORTMUND, SENIOREN FITNESS DORTMUND, LIFE KINETIK DORTMUND, FIGURTRAINING DORTMUND","publisher":{"@id":"http:\/\/www.apriori-pt.de\/#organization"},"potentialAction":[{"@type":"SearchAction","target":{"@type":"EntryPoint","urlTemplate":"http:\/\/www.apriori-pt.de\/?s={search_term_string}"},"query-input":"required name=search_term_string"}],"inLanguage":"de"},{"@type":"WebPage","@id":"http:\/\/www.apriori-pt.de\/?page_id=16#webpage","url":"http:\/\/www.apriori-pt.de\/?page_id=16","name":"Personaltraining - A Priori Personal Training, Firmensport &amp; Golffitness | Ihrem Personal Trainer in Dortmund","isPartOf":{"@id":"http:\/\/www.apriori-pt.de\/#website"},"datePublished":"2010-05-07T19:28:05+00:00","dateModified":"2021-01-30T10:14:15+00:00","breadcrumb":{"@id":"http:\/\/www.apriori-pt.de\/?page_id=16#breadcrumb"},"inLanguage":"de","potentialAction":[{"@type":"ReadAction","target":["http:\/\/www.apriori-pt.de\/?page_id=16"]}]},{"@type":"BreadcrumbList","@id":"http:\/\/www.apriori-pt.de\/?page_id=16#breadcrumb","itemListElement":[{"@type":"ListItem","position":1,"name":"Startseite","item":"http:\/\/www.apriori-pt.de\/"},{"@type":"ListItem","position":2,"name":"Ihr Trainer","item":"http:\/\/www.apriori-pt.de\/?page_id=102"},{"@type":"ListItem","position":3,"name":"Personaltraining"}]}]}},"_links":{"self":[{"href":"http:\/\/www.apriori-pt.de\/index.php?rest_route=\/wp\/v2\/pages\/16"}],"collection":[{"href":"http:\/\/www.apriori-pt.de\/index.php?rest_route=\/wp\/v2\/pages"}],"about":[{"href":"http:\/\/www.apriori-pt.de\/index.php?rest_route=\/wp\/v2\/types\/page"}],"author":[{"embeddable":true,"href":"http:\/\/www.apriori-pt.de\/index.php?rest_route=\/wp\/v2\/users\/1"}],"replies":[{"embeddable":true,"href":"http:\/\/www.apriori-pt.de\/index.php?rest_route=%2Fwp%2Fv2%2Fcomments&post=16"}],"version-history":[{"count":30,"href":"http:\/\/www.apriori-pt.de\/index.php?rest_route=\/wp\/v2\/pages\/16\/revisions"}],"predecessor-version":[{"id":19,"href":"http:\/\/www.apriori-pt.de\/index.php?rest_route=\/wp\/v2\/pages\/16\/revisions\/19"}],"up":[{"embeddable":true,"href":"http:\/\/www.apriori-pt.de\/index.php?rest_route=\/wp\/v2\/pages\/102"}],"wp:attachment":[{"href":"http:\/\/www.apriori-pt.de\/index.php?rest_route=%2Fwp%2Fv2%2Fmedia&parent=16"}],"curies":[{"name":"wp","href":"https:\/\/api.w.org\/{rel}","templated":true}]}}