{"id":131,"date":"2010-09-22T01:51:29","date_gmt":"2010-09-22T01:51:29","guid":{"rendered":"http:\/\/www.strewit.net\/?page_id=131"},"modified":"2021-02-21T12:52:17","modified_gmt":"2021-02-21T12:52:17","slug":"trainingsinhalte","status":"publish","type":"page","link":"http:\/\/www.apriori-pt.de\/?page_id=131","title":{"rendered":"Trainingsinhalte"},"content":{"rendered":"<p><strong>Abwechslung f\u00fcr den K\u00f6rper und die Seele<\/strong><\/p>\n<li><a href=\"\/?page_id=357\" target=\"_self\">Figurtraining \u2013 K\u00f6rperstraffung<\/a><\/li>\n<li><a href=\"\/?page_id=205\" target=\"_self\">Gewichtsmanagement &#8211; Ern\u00e4hrungsberatung<\/a><\/li>\n<li><a href=\"\/?page_id=349\" target=\"_self\">Krafttraining<\/a><\/li>\n<li><a href=\"\/?page_id=353\" target=\"_self\">Kraftausdauertraining<\/a><\/li>\n<li><a href=\"\/?page_id=343\" target=\"_self\">Herzkreislauf- Cardio Training<\/a><\/li>\n<li><a href=\"http:\/\/www.apriori-pt.de\/?page_id=205\" target=\"_self\">Essen &amp; Trinken<\/a><\/li>\n<li><a title=\"Golf Fitness\" href=\"\/?page_id=212\" target=\"_self\">Golf Fitness<\/a><\/li>\n<li><a href=\"\/?page_id=336\" target=\"_self\">Expedition- Hochtouren Vorbereitung<\/a><\/li>\n<li><a title=\"Vita Vitalis Rehabilitationssport\" href=\"http:\/\/www.vitavitalis.org\" target=\"_blank\">Reha &#8211; Training mit dem Schwerpunkt Orthop\u00e4die<\/a><\/li>\n<li><a href=\"\/?page_id=298\" target=\"_self\">R\u00fcckentraining &#8211; Wirbels\u00e4ulengymnastik<\/a><\/li>\n<li><a href=\"\/?page_id=333\" target=\"_self\">REAKTIVES Walking\/Jogging<\/a> &#8211; <a href=\"\/?page_id=324\" target=\"_self\">Nordic Walking<\/a> &#8211; <a href=\"\/?page_id=330\" target=\"_self\">Massai Walking ( MBT )<\/a><\/li>\n<li><a href=\"\/?page_id=315\" target=\"_self\">Jogging<\/a> &#8211; <a href=\"\/?page_id=319\" target=\"_self\">Laufen<\/a> &#8211; <a href=\"\/?page_id=267\" target=\"_self\">Trailrunning<\/a> &#8211; <a href=\"\/?page_id=274\" target=\"_self\">Inline Skating<\/a><\/li>\n<li><a href=\"\/?page_id=310\" target=\"_self\">Beweglichkeit\/Flexibilit\u00e4t<\/a> \u2013 <a href=\"\/?page_id=302\" target=\"_self\">Elastitzit\u00e4t<\/a><\/li>\n<li><a href=\"\/?page_id=223\" target=\"_self\">Core Training<\/a> &#8211; <a href=\"\/?page_id=255\" target=\"_self\">Flowin<\/a> &#8211; <a href=\"\/?page_id=227\" target=\"_self\">Kettlebell<\/a> &#8211; <a href=\"\/?page_id=233\" target=\"_self\">TRX<\/a> &#8211; <a href=\"\/?page_id=663\" target=\"_self\">Bulgarian Bag<\/a><\/li>\n<li><a href=\"\/?page_id=278\" target=\"_self\">Aerobic &#8211; Step Aerobic<\/a> &#8211; <a href=\"\/?page_id=292\" target=\"_self\">T-Bo<\/a> &#8211; <a href=\"\/?page_id=262\" target=\"_self\">Box Fitness<\/a><\/li>\n<li><a href=\"\/?page_id=219\" target=\"_self\">Life Kinetik<\/a><\/li>\n<li><a href=\"http:\/\/www.apriori-pt.de\/?page_id=238\" target=\"_self\">Seniorenfitness<\/a><\/li>\n<li><a href=\"http:\/\/www.apriori-pt.de\/?page_id=247\" target=\"_self\">Fit Kids &amp; Teen\u2019s<\/a><\/li>\n<li><a href=\"http:\/\/www.apriori-pt.de\/?page_id=194\" target=\"_self\">Firmenfitness<\/a><\/li>\n<table style=\"height: 192px;\" border=\"0\" cellspacing=\"15\" cellpadding=\"0\" width=\"492\">\n<tbody>\n<tr>\n<td valign=\"top\"><strong>In Kooperation:<\/strong><\/p>\n<ul>\n<li>Ergospirometrie<\/li>\n<li>Vakuumtraining<\/li>\n<li>Vibrationstraining<\/li>\n<li>Yoga &amp; Pilates<\/li>\n<li>Rudern<\/li>\n<\/ul>\n<\/td>\n<td valign=\"top\"><strong>Last minute intensiv, &#8211; pl\u00f6tzlich:<\/strong><\/p>\n<table border=\"0\" cellspacing=\"5\">\n<tbody>\n<tr>\n<td><\/td>\n<td>\n<ul>\n<li>Hochzeit?<\/li>\n<li>Expedition?<\/li>\n<li>Hochtour?<\/li>\n<li>Badeurlaub?<\/li>\n<li>Neues Baby?<\/li>\n<\/ul>\n<div><strong><br \/>\nIch bringe Sie p\u00fcnktlich in Form ! <\/strong><\/div>\n<\/td>\n<\/tr>\n<\/tbody>\n<\/table>\n<\/td>\n<\/tr>\n<\/tbody>\n<\/table>\n","protected":false},"excerpt":{"rendered":"<p>Abwechslung f\u00fcr den K\u00f6rper und die Seele Figurtraining \u2013 K\u00f6rperstraffung Gewichtsmanagement &#8211; Ern\u00e4hrungsberatung Krafttraining Kraftausdauertraining Herzkreislauf- Cardio Training Essen &amp; Trinken Golf Fitness Expedition- Hochtouren Vorbereitung Reha &#8211; Training mit dem Schwerpunkt Orthop\u00e4die R\u00fcckentraining &#8211; Wirbels\u00e4ulengymnastik REAKTIVES Walking\/Jogging &#8211; Nordic Walking &#8211; Massai Walking ( MBT ) Jogging &#8211; Laufen &#8211; Trailrunning &#8211; Inline Skating [&hellip;]<\/p>\n","protected":false},"author":1,"featured_media":0,"parent":0,"menu_order":4,"comment_status":"closed","ping_status":"closed","template":"","meta":[],"yoast_head":"<!-- This site is optimized with the Yoast SEO plugin v18.9 - https:\/\/yoast.com\/wordpress\/plugins\/seo\/ -->\n<title>Trainingsinhalte - A Priori Personal Training, Firmensport &amp; Golffitness | Ihrem Personal Trainer in Dortmund<\/title>\n<meta name=\"robots\" content=\"index, follow, max-snippet:-1, max-image-preview:large, max-video-preview:-1\" \/>\n<link rel=\"canonical\" href=\"http:\/\/www.apriori-pt.de\/?page_id=131\" \/>\n<meta property=\"og:locale\" content=\"de_DE\" \/>\n<meta property=\"og:type\" content=\"article\" \/>\n<meta property=\"og:title\" content=\"Trainingsinhalte - A Priori Personal Training, Firmensport &amp; Golffitness | Ihrem Personal Trainer in Dortmund\" \/>\n<meta property=\"og:description\" content=\"Abwechslung f\u00fcr den K\u00f6rper und die Seele Figurtraining \u2013 K\u00f6rperstraffung Gewichtsmanagement &#8211; Ern\u00e4hrungsberatung Krafttraining Kraftausdauertraining Herzkreislauf- Cardio Training Essen &amp; Trinken Golf Fitness Expedition- Hochtouren Vorbereitung Reha &#8211; Training mit dem Schwerpunkt Orthop\u00e4die R\u00fcckentraining &#8211; Wirbels\u00e4ulengymnastik REAKTIVES Walking\/Jogging &#8211; Nordic Walking &#8211; Massai Walking ( MBT ) Jogging &#8211; Laufen &#8211; Trailrunning &#8211; Inline Skating [&hellip;]\" \/>\n<meta property=\"og:url\" content=\"http:\/\/www.apriori-pt.de\/?page_id=131\" \/>\n<meta property=\"og:site_name\" content=\"A Priori Personal Training, Firmensport &amp; Golffitness | Ihrem Personal Trainer in Dortmund\" \/>\n<meta property=\"article:modified_time\" content=\"2021-02-21T12:52:17+00:00\" \/>\n<meta name=\"twitter:card\" content=\"summary_large_image\" \/>\n<meta name=\"twitter:label1\" content=\"Gesch\u00e4tzte Lesezeit\" \/>\n\t<meta name=\"twitter:data1\" content=\"1\u00a0Minute\" \/>\n<script type=\"application\/ld+json\" class=\"yoast-schema-graph\">{\"@context\":\"https:\/\/schema.org\",\"@graph\":[{\"@type\":\"Organization\",\"@id\":\"http:\/\/www.apriori-pt.de\/#organization\",\"name\":\"apriori-pt\",\"url\":\"http:\/\/www.apriori-pt.de\/\",\"sameAs\":[],\"logo\":{\"@type\":\"ImageObject\",\"inLanguage\":\"de\",\"@id\":\"http:\/\/www.apriori-pt.de\/#\/schema\/logo\/image\/\",\"url\":\"http:\/\/www.apriori-pt.de\/wp-content\/uploads\/Unbenannt.png\",\"contentUrl\":\"http:\/\/www.apriori-pt.de\/wp-content\/uploads\/Unbenannt.png\",\"width\":332,\"height\":100,\"caption\":\"apriori-pt\"},\"image\":{\"@id\":\"http:\/\/www.apriori-pt.de\/#\/schema\/logo\/image\/\"}},{\"@type\":\"WebSite\",\"@id\":\"http:\/\/www.apriori-pt.de\/#website\",\"url\":\"http:\/\/www.apriori-pt.de\/\",\"name\":\"A Priori Personal Training, Firmensport &amp; Golffitness | Ihrem Personal Trainer in Dortmund\",\"description\":\"PERSONALTRAINING DORTMUND, PERSONAL TRAINER DORTMUND, FIRMENFITNESS DORTMUND, PERSONAL TRAINER TENERIFFA, GOLF FITNESS DORTMUND, SENIOREN FITNESS DORTMUND, LIFE KINETIK DORTMUND, FIGURTRAINING DORTMUND\",\"publisher\":{\"@id\":\"http:\/\/www.apriori-pt.de\/#organization\"},\"potentialAction\":[{\"@type\":\"SearchAction\",\"target\":{\"@type\":\"EntryPoint\",\"urlTemplate\":\"http:\/\/www.apriori-pt.de\/?s={search_term_string}\"},\"query-input\":\"required name=search_term_string\"}],\"inLanguage\":\"de\"},{\"@type\":\"WebPage\",\"@id\":\"http:\/\/www.apriori-pt.de\/?page_id=131#webpage\",\"url\":\"http:\/\/www.apriori-pt.de\/?page_id=131\",\"name\":\"Trainingsinhalte - A Priori Personal Training, Firmensport &amp; Golffitness | Ihrem Personal Trainer in Dortmund\",\"isPartOf\":{\"@id\":\"http:\/\/www.apriori-pt.de\/#website\"},\"datePublished\":\"2010-09-22T01:51:29+00:00\",\"dateModified\":\"2021-02-21T12:52:17+00:00\",\"breadcrumb\":{\"@id\":\"http:\/\/www.apriori-pt.de\/?page_id=131#breadcrumb\"},\"inLanguage\":\"de\",\"potentialAction\":[{\"@type\":\"ReadAction\",\"target\":[\"http:\/\/www.apriori-pt.de\/?page_id=131\"]}]},{\"@type\":\"BreadcrumbList\",\"@id\":\"http:\/\/www.apriori-pt.de\/?page_id=131#breadcrumb\",\"itemListElement\":[{\"@type\":\"ListItem\",\"position\":1,\"name\":\"Startseite\",\"item\":\"http:\/\/www.apriori-pt.de\/\"},{\"@type\":\"ListItem\",\"position\":2,\"name\":\"Trainingsinhalte\"}]}]}<\/script>\n<!-- \/ Yoast SEO plugin. -->","yoast_head_json":{"title":"Trainingsinhalte - A Priori Personal Training, Firmensport &amp; Golffitness | Ihrem Personal Trainer in Dortmund","robots":{"index":"index","follow":"follow","max-snippet":"max-snippet:-1","max-image-preview":"max-image-preview:large","max-video-preview":"max-video-preview:-1"},"canonical":"http:\/\/www.apriori-pt.de\/?page_id=131","og_locale":"de_DE","og_type":"article","og_title":"Trainingsinhalte - A Priori Personal Training, Firmensport &amp; Golffitness | Ihrem Personal Trainer in Dortmund","og_description":"Abwechslung f\u00fcr den K\u00f6rper und die Seele Figurtraining \u2013 K\u00f6rperstraffung Gewichtsmanagement &#8211; Ern\u00e4hrungsberatung Krafttraining Kraftausdauertraining Herzkreislauf- Cardio Training Essen &amp; Trinken Golf Fitness Expedition- Hochtouren Vorbereitung Reha &#8211; Training mit dem Schwerpunkt Orthop\u00e4die R\u00fcckentraining &#8211; Wirbels\u00e4ulengymnastik REAKTIVES Walking\/Jogging &#8211; Nordic Walking &#8211; Massai Walking ( MBT ) Jogging &#8211; Laufen &#8211; Trailrunning &#8211; Inline Skating [&hellip;]","og_url":"http:\/\/www.apriori-pt.de\/?page_id=131","og_site_name":"A Priori Personal Training, Firmensport &amp; Golffitness | Ihrem Personal Trainer in Dortmund","article_modified_time":"2021-02-21T12:52:17+00:00","twitter_card":"summary_large_image","twitter_misc":{"Gesch\u00e4tzte Lesezeit":"1\u00a0Minute"},"schema":{"@context":"https:\/\/schema.org","@graph":[{"@type":"Organization","@id":"http:\/\/www.apriori-pt.de\/#organization","name":"apriori-pt","url":"http:\/\/www.apriori-pt.de\/","sameAs":[],"logo":{"@type":"ImageObject","inLanguage":"de","@id":"http:\/\/www.apriori-pt.de\/#\/schema\/logo\/image\/","url":"http:\/\/www.apriori-pt.de\/wp-content\/uploads\/Unbenannt.png","contentUrl":"http:\/\/www.apriori-pt.de\/wp-content\/uploads\/Unbenannt.png","width":332,"height":100,"caption":"apriori-pt"},"image":{"@id":"http:\/\/www.apriori-pt.de\/#\/schema\/logo\/image\/"}},{"@type":"WebSite","@id":"http:\/\/www.apriori-pt.de\/#website","url":"http:\/\/www.apriori-pt.de\/","name":"A Priori Personal Training, Firmensport &amp; Golffitness | Ihrem Personal Trainer in Dortmund","description":"PERSONALTRAINING DORTMUND, PERSONAL TRAINER DORTMUND, FIRMENFITNESS DORTMUND, PERSONAL TRAINER TENERIFFA, GOLF FITNESS DORTMUND, SENIOREN FITNESS DORTMUND, LIFE KINETIK DORTMUND, FIGURTRAINING DORTMUND","publisher":{"@id":"http:\/\/www.apriori-pt.de\/#organization"},"potentialAction":[{"@type":"SearchAction","target":{"@type":"EntryPoint","urlTemplate":"http:\/\/www.apriori-pt.de\/?s={search_term_string}"},"query-input":"required name=search_term_string"}],"inLanguage":"de"},{"@type":"WebPage","@id":"http:\/\/www.apriori-pt.de\/?page_id=131#webpage","url":"http:\/\/www.apriori-pt.de\/?page_id=131","name":"Trainingsinhalte - A Priori Personal Training, Firmensport &amp; Golffitness | Ihrem Personal Trainer in Dortmund","isPartOf":{"@id":"http:\/\/www.apriori-pt.de\/#website"},"datePublished":"2010-09-22T01:51:29+00:00","dateModified":"2021-02-21T12:52:17+00:00","breadcrumb":{"@id":"http:\/\/www.apriori-pt.de\/?page_id=131#breadcrumb"},"inLanguage":"de","potentialAction":[{"@type":"ReadAction","target":["http:\/\/www.apriori-pt.de\/?page_id=131"]}]},{"@type":"BreadcrumbList","@id":"http:\/\/www.apriori-pt.de\/?page_id=131#breadcrumb","itemListElement":[{"@type":"ListItem","position":1,"name":"Startseite","item":"http:\/\/www.apriori-pt.de\/"},{"@type":"ListItem","position":2,"name":"Trainingsinhalte"}]}]}},"_links":{"self":[{"href":"http:\/\/www.apriori-pt.de\/index.php?rest_route=\/wp\/v2\/pages\/131"}],"collection":[{"href":"http:\/\/www.apriori-pt.de\/index.php?rest_route=\/wp\/v2\/pages"}],"about":[{"href":"http:\/\/www.apriori-pt.de\/index.php?rest_route=\/wp\/v2\/types\/page"}],"author":[{"embeddable":true,"href":"http:\/\/www.apriori-pt.de\/index.php?rest_route=\/wp\/v2\/users\/1"}],"replies":[{"embeddable":true,"href":"http:\/\/www.apriori-pt.de\/index.php?rest_route=%2Fwp%2Fv2%2Fcomments&post=131"}],"version-history":[{"count":80,"href":"http:\/\/www.apriori-pt.de\/index.php?rest_route=\/wp\/v2\/pages\/131\/revisions"}],"predecessor-version":[{"id":134,"href":"http:\/\/www.apriori-pt.de\/index.php?rest_route=\/wp\/v2\/pages\/131\/revisions\/134"}],"wp:attachment":[{"href":"http:\/\/www.apriori-pt.de\/index.php?rest_route=%2Fwp%2Fv2%2Fmedia&parent=131"}],"curies":[{"name":"wp","href":"https:\/\/api.w.org\/{rel}","templated":true}]}}